{"id":25,"date":"2025-01-06T03:42:22","date_gmt":"2025-01-06T03:42:22","guid":{"rendered":"https:\/\/leapro.com\/?page_id=25"},"modified":"2025-08-11T08:57:41","modified_gmt":"2025-08-11T08:57:41","slug":"business-services","status":"publish","type":"page","link":"https:\/\/leapro.com\/de\/business-services\/","title":{"rendered":"Gesch\u00e4ftskunden"},"content":{"rendered":"<div data-elementor-type=\"wp-page\" data-elementor-id=\"25\" class=\"elementor elementor-25\" data-elementor-post-type=\"page\">\n\t\t\t\t\t\t<section class=\"elementor-section elementor-top-section elementor-element elementor-element-eb17a01 elementor-section-stretched elementor-section-content-middle elementor-section-full_width elementor-section-height-default elementor-section-height-default\" data-id=\"eb17a01\" data-element_type=\"section\" data-e-type=\"section\" data-settings=\"{&quot;stretch_section&quot;:&quot;section-stretched&quot;,&quot;background_background&quot;:&quot;classic&quot;}\">\n\t\t\t\t\t\t<div class=\"elementor-container elementor-column-gap-no\">\n\t\t\t\t\t<div class=\"elementor-column elementor-col-100 elementor-top-column elementor-element elementor-element-ca66a36\" data-id=\"ca66a36\" data-element_type=\"column\" data-e-type=\"column\">\n\t\t\t<div class=\"elementor-widget-wrap elementor-element-populated\">\n\t\t\t\t\t\t<section class=\"elementor-section elementor-inner-section elementor-element elementor-element-d04e51e elementor-section-content-middle elementor-reverse-tablet elementor-reverse-mobile elementor-section-full_width elementor-section-height-default elementor-section-height-default\" data-id=\"d04e51e\" data-element_type=\"section\" data-e-type=\"section\" data-settings=\"{&quot;background_background&quot;:&quot;classic&quot;}\">\n\t\t\t\t\t\t<div class=\"elementor-container elementor-column-gap-wider\">\n\t\t\t\t\t<div class=\"elementor-column elementor-col-100 elementor-inner-column elementor-element elementor-element-07d92a3 elementor-invisible\" data-id=\"07d92a3\" data-element_type=\"column\" data-e-type=\"column\" data-settings=\"{&quot;animation&quot;:&quot;fadeInRight&quot;}\">\n\t\t\t<div class=\"elementor-widget-wrap elementor-element-populated\">\n\t\t\t\t\t\t<div class=\"elementor-element elementor-element-c4e8662 elementor-widget elementor-widget-heading\" data-id=\"c4e8662\" data-element_type=\"widget\" data-e-type=\"widget\" data-widget_type=\"heading.default\">\n\t\t\t\t<div class=\"elementor-widget-container\">\n\t\t\t\t\t<h1 class=\"elementor-heading-title elementor-size-default\">Gesch\u00e4ftskunden<\/h1>\t\t\t\t<\/div>\n\t\t\t\t<\/div>\n\t\t\t\t<div class=\"elementor-element elementor-element-3cabaff elementor-widget elementor-widget-heading\" data-id=\"3cabaff\" data-element_type=\"widget\" data-e-type=\"widget\" data-widget_type=\"heading.default\">\n\t\t\t\t<div class=\"elementor-widget-container\">\n\t\t\t\t\t<p class=\"elementor-heading-title elementor-size-default\">Bei Leapro bieten wir eine Reihe von Paketdiensten an, die auf die Anforderungen von Unternehmen in ganz Deutschland zugeschnitten sind. <br> Ob Sie w\u00f6chentlich mehrere Pakete versenden, an Gesch\u00e4ftsadressen liefern oder eine nahtlose E-Commerce-Integration suchen, wir bieten zuverl\u00e4ssige, flexible und effiziente L\u00f6sungen zur Unterst\u00fctzung Ihrer Gesch\u00e4ftsprozesse. <\/p>\t\t\t\t<\/div>\n\t\t\t\t<\/div>\n\t\t<div class=\"elementor-element elementor-element-241e89b e-flex e-con-boxed e-con e-parent\" data-id=\"241e89b\" data-element_type=\"container\" data-e-type=\"container\">\n\t\t\t\t\t<div class=\"e-con-inner\">\n\t\t\t\t<div class=\"elementor-element elementor-element-0888402 elementor-widget elementor-widget-image\" data-id=\"0888402\" data-element_type=\"widget\" data-e-type=\"widget\" data-widget_type=\"image.default\">\n\t\t\t\t<div class=\"elementor-widget-container\">\n\t\t\t\t\t\t\t\t\t\t\t\t\t\t\t<img fetchpriority=\"high\" decoding=\"async\" width=\"800\" height=\"447\" src=\"https:\/\/leapro.com\/wp-content\/uploads\/2025\/04\/Screenshot_2025_04_28-3.png\" class=\"attachment-large size-large wp-image-1538\" alt=\"Parcels\" srcset=\"https:\/\/leapro.com\/wp-content\/uploads\/2025\/04\/Screenshot_2025_04_28-3.png 1022w, https:\/\/leapro.com\/wp-content\/uploads\/2025\/04\/Screenshot_2025_04_28-3-300x168.png 300w, https:\/\/leapro.com\/wp-content\/uploads\/2025\/04\/Screenshot_2025_04_28-3-768x429.png 768w\" sizes=\"(max-width: 800px) 100vw, 800px\" \/>\t\t\t\t\t\t\t\t\t\t\t\t\t\t\t<\/div>\n\t\t\t\t<\/div>\n\t\t\t\t\t<\/div>\n\t\t\t\t<\/div>\n\t\t\t\t\t<\/div>\n\t\t<\/div>\n\t\t\t\t\t<\/div>\n\t\t<\/section>\n\t\t\t\t\t<\/div>\n\t\t<\/div>\n\t\t\t\t\t<\/div>\n\t\t<\/section>\n\t\t\t\t<\/div>","protected":false},"excerpt":{"rendered":"<p>Business Services At Leapro, we offer a range a range of parcel delivery services tailored to the needs of businesses across Germany. Whether you&#8217;re shipping multiple parcels weekly, delivering to business addresses, or seeking seamless e-commerce integration, we aim to provide reliable, flexible, and efficient solutions to support your business operations.<\/p>","protected":false},"author":1,"featured_media":0,"parent":0,"menu_order":0,"comment_status":"closed","ping_status":"closed","template":"","meta":{"footnotes":""},"class_list":["post-25","page","type-page","status-publish","hentry"],"yoast_head":"<!-- This site is optimized with the Yoast SEO plugin v27.4 - https:\/\/yoast.com\/product\/yoast-seo-wordpress\/ -->\n<title>Business Services - Leapro<\/title>\n<meta name=\"robots\" content=\"index, follow, max-snippet:-1, max-image-preview:large, max-video-preview:-1\" \/>\n<link rel=\"canonical\" href=\"https:\/\/leapro.com\/de\/business-services\/\" \/>\n<meta property=\"og:locale\" content=\"de_DE\" \/>\n<meta property=\"og:type\" content=\"article\" \/>\n<meta property=\"og:title\" content=\"Business Services - Leapro\" \/>\n<meta property=\"og:description\" content=\"Business Services At Leapro, we offer a range a range of parcel delivery services tailored to the needs of businesses across Germany. Whether you&#8217;re shipping multiple parcels weekly, delivering to business addresses, or seeking seamless e-commerce integration, we aim to provide reliable, flexible, and efficient solutions to support your business operations.\" \/>\n<meta property=\"og:url\" content=\"https:\/\/leapro.com\/de\/business-services\/\" \/>\n<meta property=\"og:site_name\" content=\"Leapro\" \/>\n<meta property=\"article:modified_time\" content=\"2025-08-11T08:57:41+00:00\" \/>\n<meta property=\"og:image\" content=\"https:\/\/leapro.com\/wp-content\/uploads\/2025\/04\/Screenshot_2025_04_28-3.png\" \/>\n\t<meta property=\"og:image:width\" content=\"1022\" \/>\n\t<meta property=\"og:image:height\" content=\"571\" \/>\n\t<meta property=\"og:image:type\" content=\"image\/png\" \/>\n<meta name=\"twitter:card\" content=\"summary_large_image\" \/>\n<meta name=\"twitter:label1\" content=\"Gesch\u00e4tzte Lesezeit\" \/>\n\t<meta name=\"twitter:data1\" content=\"1\u00a0Minute\" \/>\n<script type=\"application\/ld+json\" class=\"yoast-schema-graph\">{\"@context\":\"https:\\\/\\\/schema.org\",\"@graph\":[{\"@type\":\"WebPage\",\"@id\":\"https:\\\/\\\/leapro.com\\\/business-services\\\/\",\"url\":\"https:\\\/\\\/leapro.com\\\/business-services\\\/\",\"name\":\"Business Services - Leapro\",\"isPartOf\":{\"@id\":\"https:\\\/\\\/leapro.com\\\/#website\"},\"primaryImageOfPage\":{\"@id\":\"https:\\\/\\\/leapro.com\\\/business-services\\\/#primaryimage\"},\"image\":{\"@id\":\"https:\\\/\\\/leapro.com\\\/business-services\\\/#primaryimage\"},\"thumbnailUrl\":\"https:\\\/\\\/leapro.com\\\/wp-content\\\/uploads\\\/2025\\\/04\\\/Screenshot_2025_04_28-3.png\",\"datePublished\":\"2025-01-06T03:42:22+00:00\",\"dateModified\":\"2025-08-11T08:57:41+00:00\",\"breadcrumb\":{\"@id\":\"https:\\\/\\\/leapro.com\\\/business-services\\\/#breadcrumb\"},\"inLanguage\":\"de\",\"potentialAction\":[{\"@type\":\"ReadAction\",\"target\":[\"https:\\\/\\\/leapro.com\\\/business-services\\\/\"]}]},{\"@type\":\"ImageObject\",\"inLanguage\":\"de\",\"@id\":\"https:\\\/\\\/leapro.com\\\/business-services\\\/#primaryimage\",\"url\":\"https:\\\/\\\/leapro.com\\\/wp-content\\\/uploads\\\/2025\\\/04\\\/Screenshot_2025_04_28-3.png\",\"contentUrl\":\"https:\\\/\\\/leapro.com\\\/wp-content\\\/uploads\\\/2025\\\/04\\\/Screenshot_2025_04_28-3.png\"},{\"@type\":\"BreadcrumbList\",\"@id\":\"https:\\\/\\\/leapro.com\\\/business-services\\\/#breadcrumb\",\"itemListElement\":[{\"@type\":\"ListItem\",\"position\":1,\"name\":\"Home\",\"item\":\"https:\\\/\\\/leapro.com\\\/\"},{\"@type\":\"ListItem\",\"position\":2,\"name\":\"Business Services\"}]},{\"@type\":\"WebSite\",\"@id\":\"https:\\\/\\\/leapro.com\\\/#website\",\"url\":\"https:\\\/\\\/leapro.com\\\/\",\"name\":\"Leapro\",\"description\":\"Smarter deliveries \ud83d\udce6: Last mile efficient solutions.\",\"potentialAction\":[{\"@type\":\"SearchAction\",\"target\":{\"@type\":\"EntryPoint\",\"urlTemplate\":\"https:\\\/\\\/leapro.com\\\/?s={search_term_string}\"},\"query-input\":{\"@type\":\"PropertyValueSpecification\",\"valueRequired\":true,\"valueName\":\"search_term_string\"}}],\"inLanguage\":\"de\"}]}<\/script>\n<!-- \/ Yoast SEO plugin. -->","yoast_head_json":{"title":"Business Services - Leapro","robots":{"index":"index","follow":"follow","max-snippet":"max-snippet:-1","max-image-preview":"max-image-preview:large","max-video-preview":"max-video-preview:-1"},"canonical":"https:\/\/leapro.com\/de\/business-services\/","og_locale":"de_DE","og_type":"article","og_title":"Business Services - Leapro","og_description":"Business Services At Leapro, we offer a range a range of parcel delivery services tailored to the needs of businesses across Germany. Whether you&#8217;re shipping multiple parcels weekly, delivering to business addresses, or seeking seamless e-commerce integration, we aim to provide reliable, flexible, and efficient solutions to support your business operations.","og_url":"https:\/\/leapro.com\/de\/business-services\/","og_site_name":"Leapro","article_modified_time":"2025-08-11T08:57:41+00:00","og_image":[{"width":1022,"height":571,"url":"https:\/\/leapro.com\/wp-content\/uploads\/2025\/04\/Screenshot_2025_04_28-3.png","type":"image\/png"}],"twitter_card":"summary_large_image","twitter_misc":{"Gesch\u00e4tzte Lesezeit":"1\u00a0Minute"},"schema":{"@context":"https:\/\/schema.org","@graph":[{"@type":"WebPage","@id":"https:\/\/leapro.com\/business-services\/","url":"https:\/\/leapro.com\/business-services\/","name":"Business Services - Leapro","isPartOf":{"@id":"https:\/\/leapro.com\/#website"},"primaryImageOfPage":{"@id":"https:\/\/leapro.com\/business-services\/#primaryimage"},"image":{"@id":"https:\/\/leapro.com\/business-services\/#primaryimage"},"thumbnailUrl":"https:\/\/leapro.com\/wp-content\/uploads\/2025\/04\/Screenshot_2025_04_28-3.png","datePublished":"2025-01-06T03:42:22+00:00","dateModified":"2025-08-11T08:57:41+00:00","breadcrumb":{"@id":"https:\/\/leapro.com\/business-services\/#breadcrumb"},"inLanguage":"de","potentialAction":[{"@type":"ReadAction","target":["https:\/\/leapro.com\/business-services\/"]}]},{"@type":"ImageObject","inLanguage":"de","@id":"https:\/\/leapro.com\/business-services\/#primaryimage","url":"https:\/\/leapro.com\/wp-content\/uploads\/2025\/04\/Screenshot_2025_04_28-3.png","contentUrl":"https:\/\/leapro.com\/wp-content\/uploads\/2025\/04\/Screenshot_2025_04_28-3.png"},{"@type":"BreadcrumbList","@id":"https:\/\/leapro.com\/business-services\/#breadcrumb","itemListElement":[{"@type":"ListItem","position":1,"name":"Home","item":"https:\/\/leapro.com\/"},{"@type":"ListItem","position":2,"name":"Business Services"}]},{"@type":"WebSite","@id":"https:\/\/leapro.com\/#website","url":"https:\/\/leapro.com\/","name":"Leapro","description":"Smarter deliveries \ud83d\udce6: Last mile efficient solutions.","potentialAction":[{"@type":"SearchAction","target":{"@type":"EntryPoint","urlTemplate":"https:\/\/leapro.com\/?s={search_term_string}"},"query-input":{"@type":"PropertyValueSpecification","valueRequired":true,"valueName":"search_term_string"}}],"inLanguage":"de"}]}},"_links":{"self":[{"href":"https:\/\/leapro.com\/de\/wp-json\/wp\/v2\/pages\/25","targetHints":{"allow":["GET"]}}],"collection":[{"href":"https:\/\/leapro.com\/de\/wp-json\/wp\/v2\/pages"}],"about":[{"href":"https:\/\/leapro.com\/de\/wp-json\/wp\/v2\/types\/page"}],"author":[{"embeddable":true,"href":"https:\/\/leapro.com\/de\/wp-json\/wp\/v2\/users\/1"}],"replies":[{"embeddable":true,"href":"https:\/\/leapro.com\/de\/wp-json\/wp\/v2\/comments?post=25"}],"version-history":[{"count":5,"href":"https:\/\/leapro.com\/de\/wp-json\/wp\/v2\/pages\/25\/revisions"}],"predecessor-version":[{"id":2806,"href":"https:\/\/leapro.com\/de\/wp-json\/wp\/v2\/pages\/25\/revisions\/2806"}],"wp:attachment":[{"href":"https:\/\/leapro.com\/de\/wp-json\/wp\/v2\/media?parent=25"}],"curies":[{"name":"wp","href":"https:\/\/api.w.org\/{rel}","templated":true}]}}