{"id":27,"date":"2025-01-06T03:44:57","date_gmt":"2025-01-06T03:44:57","guid":{"rendered":"https:\/\/leapro.com\/?page_id=27"},"modified":"2025-08-14T06:48:50","modified_gmt":"2025-08-14T06:48:50","slug":"parcel-delivery","status":"publish","type":"page","link":"https:\/\/leapro.com\/de\/parcel-delivery\/","title":{"rendered":"Paketversand"},"content":{"rendered":"<div data-elementor-type=\"wp-page\" data-elementor-id=\"27\" class=\"elementor elementor-27\" data-elementor-post-type=\"page\">\n\t\t\t\t\t\t<section class=\"elementor-section elementor-top-section elementor-element elementor-element-3e62407 elementor-section-stretched elementor-section-content-middle elementor-section-boxed elementor-section-height-default elementor-section-height-default\" data-id=\"3e62407\" data-element_type=\"section\" data-e-type=\"section\" data-settings=\"{&quot;stretch_section&quot;:&quot;section-stretched&quot;,&quot;background_background&quot;:&quot;classic&quot;}\">\n\t\t\t\t\t\t<div class=\"elementor-container elementor-column-gap-no\">\n\t\t\t\t\t<div class=\"elementor-column elementor-col-100 elementor-top-column elementor-element elementor-element-4f16a76\" data-id=\"4f16a76\" data-element_type=\"column\" data-e-type=\"column\">\n\t\t\t<div class=\"elementor-widget-wrap elementor-element-populated\">\n\t\t\t\t\t\t<section class=\"elementor-section elementor-inner-section elementor-element elementor-element-cacbe8c elementor-section-content-middle elementor-reverse-tablet elementor-reverse-mobile elementor-section-boxed elementor-section-height-default elementor-section-height-default\" data-id=\"cacbe8c\" data-element_type=\"section\" data-e-type=\"section\" data-settings=\"{&quot;background_background&quot;:&quot;classic&quot;}\">\n\t\t\t\t\t\t<div class=\"elementor-container elementor-column-gap-wider\">\n\t\t\t\t\t<div class=\"elementor-column elementor-col-100 elementor-inner-column elementor-element elementor-element-b386d57 elementor-invisible\" data-id=\"b386d57\" data-element_type=\"column\" data-e-type=\"column\" data-settings=\"{&quot;animation&quot;:&quot;fadeInRight&quot;}\">\n\t\t\t<div class=\"elementor-widget-wrap elementor-element-populated\">\n\t\t\t\t\t\t<div class=\"elementor-element elementor-element-f3833bf elementor-widget elementor-widget-heading\" data-id=\"f3833bf\" data-element_type=\"widget\" data-e-type=\"widget\" data-widget_type=\"heading.default\">\n\t\t\t\t<div class=\"elementor-widget-container\">\n\t\t\t\t\t<h1 class=\"elementor-heading-title elementor-size-default\">Paketversand<\/h1>\t\t\t\t<\/div>\n\t\t\t\t<\/div>\n\t\t\t\t\t<\/div>\n\t\t<\/div>\n\t\t\t\t\t<\/div>\n\t\t<\/section>\n\t\t\t\t<div class=\"elementor-element elementor-element-7eac21c elementor-widget elementor-widget-heading\" data-id=\"7eac21c\" data-element_type=\"widget\" data-e-type=\"widget\" data-widget_type=\"heading.default\">\n\t\t\t\t<div class=\"elementor-widget-container\">\n\t\t\t\t\t<h3 class=\"elementor-heading-title elementor-size-default\"><img decoding=\"async\" src=\"https:\/\/leapro.com\/wp-content\/uploads\/2025\/04\/Screenshot_2025_04_28-12.png\" style=\"vertical-align: middle;margin-right: 30px\">Leistungsmerkmale<\/h3>\t\t\t\t<\/div>\n\t\t\t\t<\/div>\n\t\t<div class=\"elementor-element elementor-element-9170c7e e-flex e-con-boxed e-con e-parent\" data-id=\"9170c7e\" data-element_type=\"container\" data-e-type=\"container\">\n\t\t\t\t\t<div class=\"e-con-inner\">\n\t\t<div class=\"elementor-element elementor-element-3303e31 e-con-full e-flex e-con e-child\" data-id=\"3303e31\" data-element_type=\"container\" data-e-type=\"container\">\n\t\t\t\t<div class=\"elementor-element elementor-element-9242c10 elementor-widget elementor-widget-image\" data-id=\"9242c10\" data-element_type=\"widget\" data-e-type=\"widget\" data-widget_type=\"image.default\">\n\t\t\t\t<div class=\"elementor-widget-container\">\n\t\t\t\t\t\t\t\t\t\t\t\t\t\t\t<img decoding=\"async\" width=\"67\" height=\"55\" src=\"https:\/\/leapro.com\/wp-content\/uploads\/2025\/04\/Screenshot_2025_04_28-4.png\" class=\"attachment-large size-large wp-image-1545\" alt=\"\" \/>\t\t\t\t\t\t\t\t\t\t\t\t\t\t\t<\/div>\n\t\t\t\t<\/div>\n\t\t\t\t<div class=\"elementor-element elementor-element-ee60559 elementor-widget elementor-widget-heading\" data-id=\"ee60559\" data-element_type=\"widget\" data-e-type=\"widget\" data-widget_type=\"heading.default\">\n\t\t\t\t<div class=\"elementor-widget-container\">\n\t\t\t\t\t<p class=\"elementor-heading-title elementor-size-default\">Entwickelt f\u00fcr <br>Unternehmen, die regelm\u00e4\u00dfige<br> und zuverl\u00e4ssige <br>Paketzustellungen ben\u00f6tigen.<\/p>\t\t\t\t<\/div>\n\t\t\t\t<\/div>\n\t\t\t\t<\/div>\n\t\t<div class=\"elementor-element elementor-element-f6ee944 e-con-full e-flex e-con e-child\" data-id=\"f6ee944\" data-element_type=\"container\" data-e-type=\"container\">\n\t\t\t\t<div class=\"elementor-element elementor-element-dc889ac elementor-widget elementor-widget-image\" data-id=\"dc889ac\" data-element_type=\"widget\" data-e-type=\"widget\" data-widget_type=\"image.default\">\n\t\t\t\t<div class=\"elementor-widget-container\">\n\t\t\t\t\t\t\t\t\t\t\t\t\t\t\t<img fetchpriority=\"high\" decoding=\"async\" width=\"447\" height=\"299\" src=\"https:\/\/leapro.com\/wp-content\/uploads\/2025\/04\/logistic-image-1.png\" class=\"attachment-large size-large wp-image-1546\" alt=\"Organizing parcels\" srcset=\"https:\/\/leapro.com\/wp-content\/uploads\/2025\/04\/logistic-image-1.png 447w, https:\/\/leapro.com\/wp-content\/uploads\/2025\/04\/logistic-image-1-300x201.png 300w\" sizes=\"(max-width: 447px) 100vw, 447px\" \/>\t\t\t\t\t\t\t\t\t\t\t\t\t\t\t<\/div>\n\t\t\t\t<\/div>\n\t\t\t\t<\/div>\n\t\t\t\t\t<\/div>\n\t\t\t\t<\/div>\n\t\t<div class=\"elementor-element elementor-element-476a917 e-flex e-con-boxed e-con e-parent\" data-id=\"476a917\" data-element_type=\"container\" data-e-type=\"container\">\n\t\t\t\t\t<div class=\"e-con-inner\">\n\t\t<div class=\"elementor-element elementor-element-17bdca9 e-con-full e-flex e-con e-child\" data-id=\"17bdca9\" data-element_type=\"container\" data-e-type=\"container\">\n\t\t\t\t<div class=\"elementor-element elementor-element-15fa55c elementor-widget elementor-widget-image\" data-id=\"15fa55c\" data-element_type=\"widget\" data-e-type=\"widget\" data-widget_type=\"image.default\">\n\t\t\t\t<div class=\"elementor-widget-container\">\n\t\t\t\t\t\t\t\t\t\t\t\t\t\t\t<img decoding=\"async\" width=\"451\" height=\"303\" src=\"https:\/\/leapro.com\/wp-content\/uploads\/2025\/04\/logistic-image-2.png\" class=\"attachment-large size-large wp-image-1555\" alt=\"Parcel packing\" srcset=\"https:\/\/leapro.com\/wp-content\/uploads\/2025\/04\/logistic-image-2.png 451w, https:\/\/leapro.com\/wp-content\/uploads\/2025\/04\/logistic-image-2-300x202.png 300w\" sizes=\"(max-width: 451px) 100vw, 451px\" \/>\t\t\t\t\t\t\t\t\t\t\t\t\t\t\t<\/div>\n\t\t\t\t<\/div>\n\t\t\t\t<\/div>\n\t\t<div class=\"elementor-element elementor-element-d4aa8be e-con-full e-flex e-con e-child\" data-id=\"d4aa8be\" data-element_type=\"container\" data-e-type=\"container\">\n\t\t\t\t<div class=\"elementor-element elementor-element-a04716d elementor-widget elementor-widget-image\" data-id=\"a04716d\" data-element_type=\"widget\" data-e-type=\"widget\" data-widget_type=\"image.default\">\n\t\t\t\t<div class=\"elementor-widget-container\">\n\t\t\t\t\t\t\t\t\t\t\t\t\t\t\t<img loading=\"lazy\" decoding=\"async\" width=\"76\" height=\"57\" src=\"https:\/\/leapro.com\/wp-content\/uploads\/2025\/04\/number-2.png\" class=\"attachment-large size-large wp-image-1551\" alt=\"\" \/>\t\t\t\t\t\t\t\t\t\t\t\t\t\t\t<\/div>\n\t\t\t\t<\/div>\n\t\t\t\t<div class=\"elementor-element elementor-element-193a822 elementor-widget elementor-widget-heading\" data-id=\"193a822\" data-element_type=\"widget\" data-e-type=\"widget\" data-widget_type=\"heading.default\">\n\t\t\t\t<div class=\"elementor-widget-container\">\n\t\t\t\t\t<p class=\"elementor-heading-title elementor-size-default\">Ob kleine <br>\nSendungen oder <br>\ngr\u00f6\u00dfere Artikel \u2013 wir liefern <br>\np\u00fcnktlich und sicher <br>\nVersandvolumen ab xxx <br>\nPaketen pro Woche. <\/p>\t\t\t\t<\/div>\n\t\t\t\t<\/div>\n\t\t\t\t<\/div>\n\t\t\t\t\t<\/div>\n\t\t\t\t<\/div>\n\t\t<div class=\"elementor-element elementor-element-6158d08 e-flex e-con-boxed e-con e-parent\" data-id=\"6158d08\" data-element_type=\"container\" data-e-type=\"container\">\n\t\t\t\t\t<div class=\"e-con-inner\">\n\t\t<div class=\"elementor-element elementor-element-7392629 e-con-full e-flex e-con e-child\" data-id=\"7392629\" data-element_type=\"container\" data-e-type=\"container\">\n\t\t\t\t<div class=\"elementor-element elementor-element-56a85e3 elementor-widget elementor-widget-image\" data-id=\"56a85e3\" data-element_type=\"widget\" data-e-type=\"widget\" data-widget_type=\"image.default\">\n\t\t\t\t<div class=\"elementor-widget-container\">\n\t\t\t\t\t\t\t\t\t\t\t\t\t\t\t<img loading=\"lazy\" decoding=\"async\" width=\"71\" height=\"50\" src=\"https:\/\/leapro.com\/wp-content\/uploads\/2025\/04\/number-3.png\" class=\"attachment-large size-large wp-image-1552\" alt=\"\" \/>\t\t\t\t\t\t\t\t\t\t\t\t\t\t\t<\/div>\n\t\t\t\t<\/div>\n\t\t\t\t<div class=\"elementor-element elementor-element-31ff464 elementor-widget elementor-widget-heading\" data-id=\"31ff464\" data-element_type=\"widget\" data-e-type=\"widget\" data-widget_type=\"heading.default\">\n\t\t\t\t<div class=\"elementor-widget-container\">\n\t\t\t\t\t<p class=\"elementor-heading-title elementor-size-default\">Mit unserem fortschrittlichen <br>\nTracking-System k\u00f6nnen Sie <br>\nIhre Sendungen <br>\nin Echtzeit verfolgen <br>\nf\u00fcr volle Transparenz und ein sicheres <br>\nGef\u00fchl im gesamten <br>\nLieferprozess.<\/p>\t\t\t\t<\/div>\n\t\t\t\t<\/div>\n\t\t\t\t<\/div>\n\t\t<div class=\"elementor-element elementor-element-f7efdae e-con-full e-flex e-con e-child\" data-id=\"f7efdae\" data-element_type=\"container\" data-e-type=\"container\">\n\t\t\t\t<div class=\"elementor-element elementor-element-affcedb elementor-widget elementor-widget-image\" data-id=\"affcedb\" data-element_type=\"widget\" data-e-type=\"widget\" data-widget_type=\"image.default\">\n\t\t\t\t<div class=\"elementor-widget-container\">\n\t\t\t\t\t\t\t\t\t\t\t\t\t\t\t<img loading=\"lazy\" decoding=\"async\" width=\"444\" height=\"297\" src=\"https:\/\/leapro.com\/wp-content\/uploads\/2025\/04\/logistic-image-3.png\" class=\"attachment-large size-large wp-image-1556\" alt=\"Supply chain automation\" srcset=\"https:\/\/leapro.com\/wp-content\/uploads\/2025\/04\/logistic-image-3.png 444w, https:\/\/leapro.com\/wp-content\/uploads\/2025\/04\/logistic-image-3-300x201.png 300w\" sizes=\"(max-width: 444px) 100vw, 444px\" \/>\t\t\t\t\t\t\t\t\t\t\t\t\t\t\t<\/div>\n\t\t\t\t<\/div>\n\t\t\t\t<\/div>\n\t\t\t\t\t<\/div>\n\t\t\t\t<\/div>\n\t\t<div class=\"elementor-element elementor-element-de88b36 e-flex e-con-boxed e-con e-parent\" data-id=\"de88b36\" data-element_type=\"container\" data-e-type=\"container\">\n\t\t\t\t\t<div class=\"e-con-inner\">\n\t\t<div class=\"elementor-element elementor-element-5497366 e-con-full e-flex e-con e-child\" data-id=\"5497366\" data-element_type=\"container\" data-e-type=\"container\">\n\t\t\t\t<div class=\"elementor-element elementor-element-865c9b6 elementor-widget elementor-widget-image\" data-id=\"865c9b6\" data-element_type=\"widget\" data-e-type=\"widget\" data-widget_type=\"image.default\">\n\t\t\t\t<div class=\"elementor-widget-container\">\n\t\t\t\t\t\t\t\t\t\t\t\t\t\t\t<img loading=\"lazy\" decoding=\"async\" width=\"446\" height=\"299\" src=\"https:\/\/leapro.com\/wp-content\/uploads\/2025\/04\/logistic-image-4.png\" class=\"attachment-large size-large wp-image-1553\" alt=\"Staff checking parcels\" srcset=\"https:\/\/leapro.com\/wp-content\/uploads\/2025\/04\/logistic-image-4.png 446w, https:\/\/leapro.com\/wp-content\/uploads\/2025\/04\/logistic-image-4-300x201.png 300w\" sizes=\"(max-width: 446px) 100vw, 446px\" \/>\t\t\t\t\t\t\t\t\t\t\t\t\t\t\t<\/div>\n\t\t\t\t<\/div>\n\t\t\t\t<\/div>\n\t\t<div class=\"elementor-element elementor-element-61d90e4 e-con-full e-flex e-con e-child\" data-id=\"61d90e4\" data-element_type=\"container\" data-e-type=\"container\">\n\t\t\t\t<div class=\"elementor-element elementor-element-e765428 elementor-widget elementor-widget-image\" data-id=\"e765428\" data-element_type=\"widget\" data-e-type=\"widget\" data-widget_type=\"image.default\">\n\t\t\t\t<div class=\"elementor-widget-container\">\n\t\t\t\t\t\t\t\t\t\t\t\t\t\t\t<img loading=\"lazy\" decoding=\"async\" width=\"71\" height=\"51\" src=\"https:\/\/leapro.com\/wp-content\/uploads\/2025\/04\/number-4.png\" class=\"attachment-large size-large wp-image-1550\" alt=\"\" \/>\t\t\t\t\t\t\t\t\t\t\t\t\t\t\t<\/div>\n\t\t\t\t<\/div>\n\t\t\t\t<div class=\"elementor-element elementor-element-103ff04 elementor-widget elementor-widget-heading\" data-id=\"103ff04\" data-element_type=\"widget\" data-e-type=\"widget\" data-widget_type=\"heading.default\">\n\t\t\t\t<div class=\"elementor-widget-container\">\n\t\t\t\t\t<p class=\"elementor-heading-title elementor-size-default\">Dank flexibler Lieferoptionen <br>\nund wettbewerbsf\u00e4higer <br>\nPreise sorgen wir f\u00fcr einen <br>\nreibungslosen Ablauf bei <br>\ngr\u00f6\u00dferen Versandmengen.<\/p>\t\t\t\t<\/div>\n\t\t\t\t<\/div>\n\t\t\t\t<\/div>\n\t\t\t\t\t<\/div>\n\t\t\t\t<\/div>\n\t\t\t\t<div class=\"elementor-element elementor-element-84255d3 elementor-widget elementor-widget-heading\" data-id=\"84255d3\" data-element_type=\"widget\" data-e-type=\"widget\" data-widget_type=\"heading.default\">\n\t\t\t\t<div class=\"elementor-widget-container\">\n\t\t\t\t\t<h3 class=\"elementor-heading-title elementor-size-default\"><img decoding=\"async\" src=\"https:\/\/leapro.com\/wp-content\/uploads\/2025\/04\/Screenshot_2025_04_28-12.png\" style=\"vertical-align: middle;margin-right: 30px\">Ideal f\u00fcr<\/h3>\t\t\t\t<\/div>\n\t\t\t\t<\/div>\n\t\t<div class=\"elementor-element elementor-element-4d5190f e-flex e-con-boxed e-con e-parent\" data-id=\"4d5190f\" data-element_type=\"container\" data-e-type=\"container\">\n\t\t\t\t\t<div class=\"e-con-inner\">\n\t\t<div class=\"elementor-element elementor-element-26a6070 e-con-full e-flex e-con e-child\" data-id=\"26a6070\" data-element_type=\"container\" data-e-type=\"container\">\n\t\t\t\t<div class=\"elementor-element elementor-element-5a9415d elementor-widget elementor-widget-image\" data-id=\"5a9415d\" data-element_type=\"widget\" data-e-type=\"widget\" data-widget_type=\"image.default\">\n\t\t\t\t<div class=\"elementor-widget-container\">\n\t\t\t\t\t\t\t\t\t\t\t\t\t\t\t<img loading=\"lazy\" decoding=\"async\" width=\"640\" height=\"427\" src=\"https:\/\/leapro.com\/wp-content\/uploads\/2025\/04\/nellie-adamyan-EJNR0CJMaU8-unsplash.jpg\" class=\"attachment-large size-large wp-image-1588\" alt=\"Market\" srcset=\"https:\/\/leapro.com\/wp-content\/uploads\/2025\/04\/nellie-adamyan-EJNR0CJMaU8-unsplash.jpg 640w, https:\/\/leapro.com\/wp-content\/uploads\/2025\/04\/nellie-adamyan-EJNR0CJMaU8-unsplash-300x200.jpg 300w\" sizes=\"(max-width: 640px) 100vw, 640px\" \/>\t\t\t\t\t\t\t\t\t\t\t\t\t\t\t<\/div>\n\t\t\t\t<\/div>\n\t\t\t\t<div class=\"elementor-element elementor-element-b6bf742 elementor-widget elementor-widget-heading\" data-id=\"b6bf742\" data-element_type=\"widget\" data-e-type=\"widget\" data-widget_type=\"heading.default\">\n\t\t\t\t<div class=\"elementor-widget-container\">\n\t\t\t\t\t<p class=\"elementor-heading-title elementor-size-default\">Einzel- und Gro\u00dfh\u00e4ndler mit <br>regelm\u00e4\u00dfigem Paketversand.<\/p>\t\t\t\t<\/div>\n\t\t\t\t<\/div>\n\t\t\t\t<\/div>\n\t\t<div class=\"elementor-element elementor-element-6aab67b e-con-full e-flex e-con e-child\" data-id=\"6aab67b\" data-element_type=\"container\" data-e-type=\"container\">\n\t\t\t\t<div class=\"elementor-element elementor-element-c482d4f elementor-widget elementor-widget-image\" data-id=\"c482d4f\" data-element_type=\"widget\" data-e-type=\"widget\" data-widget_type=\"image.default\">\n\t\t\t\t<div class=\"elementor-widget-container\">\n\t\t\t\t\t\t\t\t\t\t\t\t\t\t\t<img loading=\"lazy\" decoding=\"async\" width=\"640\" height=\"427\" src=\"https:\/\/leapro.com\/wp-content\/uploads\/2025\/04\/mf-evelyn-KwpsdFT_um8-unsplash.jpg\" class=\"attachment-large size-large wp-image-1590\" alt=\"Clothing store\" srcset=\"https:\/\/leapro.com\/wp-content\/uploads\/2025\/04\/mf-evelyn-KwpsdFT_um8-unsplash.jpg 640w, https:\/\/leapro.com\/wp-content\/uploads\/2025\/04\/mf-evelyn-KwpsdFT_um8-unsplash-300x200.jpg 300w\" sizes=\"(max-width: 640px) 100vw, 640px\" \/>\t\t\t\t\t\t\t\t\t\t\t\t\t\t\t<\/div>\n\t\t\t\t<\/div>\n\t\t\t\t<div class=\"elementor-element elementor-element-7896612 elementor-widget elementor-widget-heading\" data-id=\"7896612\" data-element_type=\"widget\" data-e-type=\"widget\" data-widget_type=\"heading.default\">\n\t\t\t\t<div class=\"elementor-widget-container\">\n\t\t\t\t\t<p class=\"elementor-heading-title elementor-size-default\">Kleinere und mittelst\u00e4ndische Unternehmen <br>\ndie einen zuverl\u00e4ssigen und effizienten Partner f\u00fcr <br>\nmittlere bis gro\u00dfe Versandmengen suchen.<\/p>\t\t\t\t<\/div>\n\t\t\t\t<\/div>\n\t\t\t\t<\/div>\n\t\t\t\t\t<\/div>\n\t\t\t\t<\/div>\n\t\t<div class=\"elementor-element elementor-element-3b1af8f e-flex e-con-boxed e-con e-parent\" data-id=\"3b1af8f\" data-element_type=\"container\" data-e-type=\"container\">\n\t\t\t\t\t<div class=\"e-con-inner\">\n\t\t<div class=\"elementor-element elementor-element-1ce6303 e-con-full e-flex e-con e-child\" data-id=\"1ce6303\" data-element_type=\"container\" data-e-type=\"container\">\n\t\t\t\t<div class=\"elementor-element elementor-element-5fc916f elementor-widget elementor-widget-heading\" data-id=\"5fc916f\" data-element_type=\"widget\" data-e-type=\"widget\" data-widget_type=\"heading.default\">\n\t\t\t\t<div class=\"elementor-widget-container\">\n\t\t\t\t\t<p class=\"elementor-heading-title elementor-size-default\">M\u00f6chten Sie mehr \u00fcber unsere Services erfahren?<\/p>\t\t\t\t<\/div>\n\t\t\t\t<\/div>\n\t\t\t\t<div class=\"elementor-element elementor-element-e6f9c85 elementor-align-center elementor-widget elementor-widget-button\" data-id=\"e6f9c85\" data-element_type=\"widget\" data-e-type=\"widget\" aria-label=\"Kontaktieren Sie uns\" data-widget_type=\"button.default\">\n\t\t\t\t<div class=\"elementor-widget-container\">\n\t\t\t\t\t\t\t\t\t<div class=\"elementor-button-wrapper\">\n\t\t\t\t\t<a class=\"elementor-button elementor-button-link elementor-size-sm\" href=\"\/de\/contact-us\/\">\n\t\t\t\t\t\t<span class=\"elementor-button-content-wrapper\">\n\t\t\t\t\t\t\t\t\t<span class=\"elementor-button-text\">Kontaktieren Sie uns<\/span>\n\t\t\t\t\t<\/span>\n\t\t\t\t\t<\/a>\n\t\t\t\t<\/div>\n\t\t\t\t\t\t\t\t<\/div>\n\t\t\t\t<\/div>\n\t\t\t\t<\/div>\n\t\t\t\t\t<\/div>\n\t\t\t\t<\/div>\n\t\t\t\t\t<\/div>\n\t\t<\/div>\n\t\t\t\t\t<\/div>\n\t\t<\/section>\n\t\t\t\t<\/div>","protected":false},"excerpt":{"rendered":"<p>Parcel Delivery Features Designed for businesses that require regular and reliable delivery of parcels. Whether you&#8217;re sending small packages or larger items, we aim to provide timely and secure deliveries for volumes of xxx or more parcels per week. With our our advanced tracking system, you can monitor your parcels in real-time, ensuring transparency and [&hellip;]<\/p>\n","protected":false},"author":1,"featured_media":0,"parent":0,"menu_order":0,"comment_status":"closed","ping_status":"closed","template":"","meta":{"footnotes":""},"class_list":["post-27","page","type-page","status-publish","hentry"],"yoast_head":"<!-- This site is optimized with the Yoast SEO plugin v27.4 - https:\/\/yoast.com\/product\/yoast-seo-wordpress\/ -->\n<title>Parcel Delivery - Leapro<\/title>\n<meta name=\"robots\" content=\"index, follow, max-snippet:-1, max-image-preview:large, max-video-preview:-1\" \/>\n<link rel=\"canonical\" href=\"https:\/\/leapro.com\/de\/parcel-delivery\/\" \/>\n<meta property=\"og:locale\" content=\"de_DE\" \/>\n<meta property=\"og:type\" content=\"article\" \/>\n<meta property=\"og:title\" content=\"Parcel Delivery - Leapro\" \/>\n<meta property=\"og:description\" content=\"Parcel Delivery Features Designed for businesses that require regular and reliable delivery of parcels. Whether you&#8217;re sending small packages or larger items, we aim to provide timely and secure deliveries for volumes of xxx or more parcels per week. With our our advanced tracking system, you can monitor your parcels in real-time, ensuring transparency and [&hellip;]\" \/>\n<meta property=\"og:url\" content=\"https:\/\/leapro.com\/de\/parcel-delivery\/\" \/>\n<meta property=\"og:site_name\" content=\"Leapro\" \/>\n<meta property=\"article:modified_time\" content=\"2025-08-14T06:48:50+00:00\" \/>\n<meta property=\"og:image\" content=\"https:\/\/leapro.com\/wp-content\/uploads\/2025\/04\/Screenshot_2025_04_28-12.png\" \/>\n<meta name=\"twitter:card\" content=\"summary_large_image\" \/>\n<meta name=\"twitter:label1\" content=\"Gesch\u00e4tzte Lesezeit\" \/>\n\t<meta name=\"twitter:data1\" content=\"3\u00a0Minuten\" \/>\n<script type=\"application\/ld+json\" class=\"yoast-schema-graph\">{\"@context\":\"https:\\\/\\\/schema.org\",\"@graph\":[{\"@type\":\"WebPage\",\"@id\":\"https:\\\/\\\/leapro.com\\\/parcel-delivery\\\/\",\"url\":\"https:\\\/\\\/leapro.com\\\/parcel-delivery\\\/\",\"name\":\"Parcel Delivery - Leapro\",\"isPartOf\":{\"@id\":\"https:\\\/\\\/leapro.com\\\/#website\"},\"primaryImageOfPage\":{\"@id\":\"https:\\\/\\\/leapro.com\\\/parcel-delivery\\\/#primaryimage\"},\"image\":{\"@id\":\"https:\\\/\\\/leapro.com\\\/parcel-delivery\\\/#primaryimage\"},\"thumbnailUrl\":\"https:\\\/\\\/leapro.com\\\/wp-content\\\/uploads\\\/2025\\\/04\\\/Screenshot_2025_04_28-12.png\",\"datePublished\":\"2025-01-06T03:44:57+00:00\",\"dateModified\":\"2025-08-14T06:48:50+00:00\",\"breadcrumb\":{\"@id\":\"https:\\\/\\\/leapro.com\\\/parcel-delivery\\\/#breadcrumb\"},\"inLanguage\":\"de\",\"potentialAction\":[{\"@type\":\"ReadAction\",\"target\":[\"https:\\\/\\\/leapro.com\\\/parcel-delivery\\\/\"]}]},{\"@type\":\"ImageObject\",\"inLanguage\":\"de\",\"@id\":\"https:\\\/\\\/leapro.com\\\/parcel-delivery\\\/#primaryimage\",\"url\":\"https:\\\/\\\/leapro.com\\\/wp-content\\\/uploads\\\/2025\\\/04\\\/Screenshot_2025_04_28-12.png\",\"contentUrl\":\"https:\\\/\\\/leapro.com\\\/wp-content\\\/uploads\\\/2025\\\/04\\\/Screenshot_2025_04_28-12.png\"},{\"@type\":\"BreadcrumbList\",\"@id\":\"https:\\\/\\\/leapro.com\\\/parcel-delivery\\\/#breadcrumb\",\"itemListElement\":[{\"@type\":\"ListItem\",\"position\":1,\"name\":\"Home\",\"item\":\"https:\\\/\\\/leapro.com\\\/\"},{\"@type\":\"ListItem\",\"position\":2,\"name\":\"Parcel Delivery\"}]},{\"@type\":\"WebSite\",\"@id\":\"https:\\\/\\\/leapro.com\\\/#website\",\"url\":\"https:\\\/\\\/leapro.com\\\/\",\"name\":\"Leapro\",\"description\":\"Smarter deliveries \ud83d\udce6: Last mile efficient solutions.\",\"potentialAction\":[{\"@type\":\"SearchAction\",\"target\":{\"@type\":\"EntryPoint\",\"urlTemplate\":\"https:\\\/\\\/leapro.com\\\/?s={search_term_string}\"},\"query-input\":{\"@type\":\"PropertyValueSpecification\",\"valueRequired\":true,\"valueName\":\"search_term_string\"}}],\"inLanguage\":\"de\"}]}<\/script>\n<!-- \/ Yoast SEO plugin. -->","yoast_head_json":{"title":"Parcel Delivery - Leapro","robots":{"index":"index","follow":"follow","max-snippet":"max-snippet:-1","max-image-preview":"max-image-preview:large","max-video-preview":"max-video-preview:-1"},"canonical":"https:\/\/leapro.com\/de\/parcel-delivery\/","og_locale":"de_DE","og_type":"article","og_title":"Parcel Delivery - Leapro","og_description":"Parcel Delivery Features Designed for businesses that require regular and reliable delivery of parcels. Whether you&#8217;re sending small packages or larger items, we aim to provide timely and secure deliveries for volumes of xxx or more parcels per week. With our our advanced tracking system, you can monitor your parcels in real-time, ensuring transparency and [&hellip;]","og_url":"https:\/\/leapro.com\/de\/parcel-delivery\/","og_site_name":"Leapro","article_modified_time":"2025-08-14T06:48:50+00:00","og_image":[{"url":"https:\/\/leapro.com\/wp-content\/uploads\/2025\/04\/Screenshot_2025_04_28-12.png","type":"","width":"","height":""}],"twitter_card":"summary_large_image","twitter_misc":{"Gesch\u00e4tzte Lesezeit":"3\u00a0Minuten"},"schema":{"@context":"https:\/\/schema.org","@graph":[{"@type":"WebPage","@id":"https:\/\/leapro.com\/parcel-delivery\/","url":"https:\/\/leapro.com\/parcel-delivery\/","name":"Parcel Delivery - Leapro","isPartOf":{"@id":"https:\/\/leapro.com\/#website"},"primaryImageOfPage":{"@id":"https:\/\/leapro.com\/parcel-delivery\/#primaryimage"},"image":{"@id":"https:\/\/leapro.com\/parcel-delivery\/#primaryimage"},"thumbnailUrl":"https:\/\/leapro.com\/wp-content\/uploads\/2025\/04\/Screenshot_2025_04_28-12.png","datePublished":"2025-01-06T03:44:57+00:00","dateModified":"2025-08-14T06:48:50+00:00","breadcrumb":{"@id":"https:\/\/leapro.com\/parcel-delivery\/#breadcrumb"},"inLanguage":"de","potentialAction":[{"@type":"ReadAction","target":["https:\/\/leapro.com\/parcel-delivery\/"]}]},{"@type":"ImageObject","inLanguage":"de","@id":"https:\/\/leapro.com\/parcel-delivery\/#primaryimage","url":"https:\/\/leapro.com\/wp-content\/uploads\/2025\/04\/Screenshot_2025_04_28-12.png","contentUrl":"https:\/\/leapro.com\/wp-content\/uploads\/2025\/04\/Screenshot_2025_04_28-12.png"},{"@type":"BreadcrumbList","@id":"https:\/\/leapro.com\/parcel-delivery\/#breadcrumb","itemListElement":[{"@type":"ListItem","position":1,"name":"Home","item":"https:\/\/leapro.com\/"},{"@type":"ListItem","position":2,"name":"Parcel Delivery"}]},{"@type":"WebSite","@id":"https:\/\/leapro.com\/#website","url":"https:\/\/leapro.com\/","name":"Leapro","description":"Smarter deliveries \ud83d\udce6: Last mile efficient solutions.","potentialAction":[{"@type":"SearchAction","target":{"@type":"EntryPoint","urlTemplate":"https:\/\/leapro.com\/?s={search_term_string}"},"query-input":{"@type":"PropertyValueSpecification","valueRequired":true,"valueName":"search_term_string"}}],"inLanguage":"de"}]}},"_links":{"self":[{"href":"https:\/\/leapro.com\/de\/wp-json\/wp\/v2\/pages\/27","targetHints":{"allow":["GET"]}}],"collection":[{"href":"https:\/\/leapro.com\/de\/wp-json\/wp\/v2\/pages"}],"about":[{"href":"https:\/\/leapro.com\/de\/wp-json\/wp\/v2\/types\/page"}],"author":[{"embeddable":true,"href":"https:\/\/leapro.com\/de\/wp-json\/wp\/v2\/users\/1"}],"replies":[{"embeddable":true,"href":"https:\/\/leapro.com\/de\/wp-json\/wp\/v2\/comments?post=27"}],"version-history":[{"count":5,"href":"https:\/\/leapro.com\/de\/wp-json\/wp\/v2\/pages\/27\/revisions"}],"predecessor-version":[{"id":2861,"href":"https:\/\/leapro.com\/de\/wp-json\/wp\/v2\/pages\/27\/revisions\/2861"}],"wp:attachment":[{"href":"https:\/\/leapro.com\/de\/wp-json\/wp\/v2\/media?parent=27"}],"curies":[{"name":"wp","href":"https:\/\/api.w.org\/{rel}","templated":true}]}}