{"id":29,"date":"2025-01-06T03:46:01","date_gmt":"2025-01-06T03:46:01","guid":{"rendered":"https:\/\/leapro.com\/?page_id=29"},"modified":"2025-08-14T06:52:52","modified_gmt":"2025-08-14T06:52:52","slug":"commercial-shipping","status":"publish","type":"page","link":"https:\/\/leapro.com\/de\/commercial-shipping\/","title":{"rendered":"Gesch\u00e4ftlicher Versand"},"content":{"rendered":"<div data-elementor-type=\"wp-page\" data-elementor-id=\"29\" class=\"elementor elementor-29\" data-elementor-post-type=\"page\">\n\t\t\t\t\t\t<section class=\"elementor-section elementor-top-section elementor-element elementor-element-a1bbf2f elementor-section-stretched elementor-section-content-middle elementor-section-boxed elementor-section-height-default elementor-section-height-default\" data-id=\"a1bbf2f\" data-element_type=\"section\" data-e-type=\"section\" data-settings=\"{&quot;stretch_section&quot;:&quot;section-stretched&quot;,&quot;background_background&quot;:&quot;classic&quot;}\">\n\t\t\t\t\t\t<div class=\"elementor-container elementor-column-gap-no\">\n\t\t\t\t\t<div class=\"elementor-column elementor-col-100 elementor-top-column elementor-element elementor-element-4219351\" data-id=\"4219351\" data-element_type=\"column\" data-e-type=\"column\">\n\t\t\t<div class=\"elementor-widget-wrap elementor-element-populated\">\n\t\t\t\t\t\t<section class=\"elementor-section elementor-inner-section elementor-element elementor-element-571d0f6 elementor-section-content-middle elementor-reverse-tablet elementor-reverse-mobile elementor-section-boxed elementor-section-height-default elementor-section-height-default\" data-id=\"571d0f6\" data-element_type=\"section\" data-e-type=\"section\" data-settings=\"{&quot;background_background&quot;:&quot;classic&quot;}\">\n\t\t\t\t\t\t<div class=\"elementor-container elementor-column-gap-wider\">\n\t\t\t\t\t<div class=\"elementor-column elementor-col-100 elementor-inner-column elementor-element elementor-element-d501b78 elementor-invisible\" data-id=\"d501b78\" data-element_type=\"column\" data-e-type=\"column\" data-settings=\"{&quot;animation&quot;:&quot;fadeInRight&quot;}\">\n\t\t\t<div class=\"elementor-widget-wrap elementor-element-populated\">\n\t\t\t\t\t\t<div class=\"elementor-element elementor-element-4955059 elementor-widget elementor-widget-heading\" data-id=\"4955059\" data-element_type=\"widget\" data-e-type=\"widget\" data-widget_type=\"heading.default\">\n\t\t\t\t<div class=\"elementor-widget-container\">\n\t\t\t\t\t<h1 class=\"elementor-heading-title elementor-size-default\">Gesch\u00e4ftlicher Versand<\/h1>\t\t\t\t<\/div>\n\t\t\t\t<\/div>\n\t\t\t\t\t<\/div>\n\t\t<\/div>\n\t\t\t\t\t<\/div>\n\t\t<\/section>\n\t\t\t\t<div class=\"elementor-element elementor-element-97fe6c1 elementor-widget elementor-widget-heading\" data-id=\"97fe6c1\" data-element_type=\"widget\" data-e-type=\"widget\" data-widget_type=\"heading.default\">\n\t\t\t\t<div class=\"elementor-widget-container\">\n\t\t\t\t\t<h3 class=\"elementor-heading-title elementor-size-default\"><img decoding=\"async\" src=\"https:\/\/leapro.com\/wp-content\/uploads\/2025\/04\/Screenshot_2025_04_28-12.png\" style=\"vertical-align: middle;margin-right: 30px\">Leistungsmerkmale<\/h3>\t\t\t\t<\/div>\n\t\t\t\t<\/div>\n\t\t<div class=\"elementor-element elementor-element-6edadb6 e-flex e-con-boxed e-con e-parent\" data-id=\"6edadb6\" data-element_type=\"container\" data-e-type=\"container\">\n\t\t\t\t\t<div class=\"e-con-inner\">\n\t\t<div class=\"elementor-element elementor-element-a8fde2a e-con-full e-flex e-con e-child\" data-id=\"a8fde2a\" data-element_type=\"container\" data-e-type=\"container\">\n\t\t\t\t<div class=\"elementor-element elementor-element-af472cd elementor-widget elementor-widget-image\" data-id=\"af472cd\" data-element_type=\"widget\" data-e-type=\"widget\" data-widget_type=\"image.default\">\n\t\t\t\t<div class=\"elementor-widget-container\">\n\t\t\t\t\t\t\t\t\t\t\t\t\t\t\t<img decoding=\"async\" width=\"67\" height=\"55\" src=\"https:\/\/leapro.com\/wp-content\/uploads\/2025\/04\/Screenshot_2025_04_28-4.png\" class=\"attachment-large size-large wp-image-1545\" alt=\"\" \/>\t\t\t\t\t\t\t\t\t\t\t\t\t\t\t<\/div>\n\t\t\t\t<\/div>\n\t\t\t\t<div class=\"elementor-element elementor-element-4b28969 elementor-widget elementor-widget-heading\" data-id=\"4b28969\" data-element_type=\"widget\" data-e-type=\"widget\" data-widget_type=\"heading.default\">\n\t\t\t\t<div class=\"elementor-widget-container\">\n\t\t\t\t\t<p class=\"elementor-heading-title elementor-size-default\">Caters to solutions <br>for businesses needing to <br>send parcels to commercial <br>addresses. <\/p>\t\t\t\t<\/div>\n\t\t\t\t<\/div>\n\t\t\t\t<\/div>\n\t\t<div class=\"elementor-element elementor-element-f8a0ac3 e-con-full e-flex e-con e-child\" data-id=\"f8a0ac3\" data-element_type=\"container\" data-e-type=\"container\">\n\t\t\t\t<div class=\"elementor-element elementor-element-2de59f3 elementor-widget elementor-widget-image\" data-id=\"2de59f3\" data-element_type=\"widget\" data-e-type=\"widget\" data-widget_type=\"image.default\">\n\t\t\t\t<div class=\"elementor-widget-container\">\n\t\t\t\t\t\t\t\t\t\t\t\t\t\t\t<img fetchpriority=\"high\" decoding=\"async\" width=\"447\" height=\"299\" src=\"https:\/\/leapro.com\/wp-content\/uploads\/2025\/04\/logistic-image-1.png\" class=\"attachment-large size-large wp-image-1546\" alt=\"Organizing parcels\" srcset=\"https:\/\/leapro.com\/wp-content\/uploads\/2025\/04\/logistic-image-1.png 447w, https:\/\/leapro.com\/wp-content\/uploads\/2025\/04\/logistic-image-1-300x201.png 300w\" sizes=\"(max-width: 447px) 100vw, 447px\" \/>\t\t\t\t\t\t\t\t\t\t\t\t\t\t\t<\/div>\n\t\t\t\t<\/div>\n\t\t\t\t<\/div>\n\t\t\t\t\t<\/div>\n\t\t\t\t<\/div>\n\t\t<div class=\"elementor-element elementor-element-7a46d95 e-flex e-con-boxed e-con e-parent\" data-id=\"7a46d95\" data-element_type=\"container\" data-e-type=\"container\">\n\t\t\t\t\t<div class=\"e-con-inner\">\n\t\t<div class=\"elementor-element elementor-element-e1ba216 e-con-full e-flex e-con e-child\" data-id=\"e1ba216\" data-element_type=\"container\" data-e-type=\"container\">\n\t\t\t\t<div class=\"elementor-element elementor-element-eead40e elementor-widget elementor-widget-image\" data-id=\"eead40e\" data-element_type=\"widget\" data-e-type=\"widget\" data-widget_type=\"image.default\">\n\t\t\t\t<div class=\"elementor-widget-container\">\n\t\t\t\t\t\t\t\t\t\t\t\t\t\t\t<img decoding=\"async\" width=\"451\" height=\"303\" src=\"https:\/\/leapro.com\/wp-content\/uploads\/2025\/04\/logistic-image-2.png\" class=\"attachment-large size-large wp-image-1555\" alt=\"Parcel packing\" srcset=\"https:\/\/leapro.com\/wp-content\/uploads\/2025\/04\/logistic-image-2.png 451w, https:\/\/leapro.com\/wp-content\/uploads\/2025\/04\/logistic-image-2-300x202.png 300w\" sizes=\"(max-width: 451px) 100vw, 451px\" \/>\t\t\t\t\t\t\t\t\t\t\t\t\t\t\t<\/div>\n\t\t\t\t<\/div>\n\t\t\t\t<\/div>\n\t\t<div class=\"elementor-element elementor-element-246b7a5 e-con-full e-flex e-con e-child\" data-id=\"246b7a5\" data-element_type=\"container\" data-e-type=\"container\">\n\t\t\t\t<div class=\"elementor-element elementor-element-f62bec7 elementor-widget elementor-widget-image\" data-id=\"f62bec7\" data-element_type=\"widget\" data-e-type=\"widget\" data-widget_type=\"image.default\">\n\t\t\t\t<div class=\"elementor-widget-container\">\n\t\t\t\t\t\t\t\t\t\t\t\t\t\t\t<img loading=\"lazy\" decoding=\"async\" width=\"76\" height=\"57\" src=\"https:\/\/leapro.com\/wp-content\/uploads\/2025\/04\/number-2.png\" class=\"attachment-large size-large wp-image-1551\" alt=\"\" \/>\t\t\t\t\t\t\t\t\t\t\t\t\t\t\t<\/div>\n\t\t\t\t<\/div>\n\t\t\t\t<div class=\"elementor-element elementor-element-3193a1c elementor-widget elementor-widget-heading\" data-id=\"3193a1c\" data-element_type=\"widget\" data-e-type=\"widget\" data-widget_type=\"heading.default\">\n\t\t\t\t<div class=\"elementor-widget-container\">\n\t\t\t\t\t<p class=\"elementor-heading-title elementor-size-default\">Specifically designed to <br>meet the unique needs of <br>B2B deliveries with flexible <br>scheduling, reliable tracking, and <br>delivery options.  <\/p>\t\t\t\t<\/div>\n\t\t\t\t<\/div>\n\t\t\t\t<\/div>\n\t\t\t\t\t<\/div>\n\t\t\t\t<\/div>\n\t\t<div class=\"elementor-element elementor-element-80676c8 e-flex e-con-boxed e-con e-parent\" data-id=\"80676c8\" data-element_type=\"container\" data-e-type=\"container\">\n\t\t\t\t\t<div class=\"e-con-inner\">\n\t\t<div class=\"elementor-element elementor-element-f32f808 e-con-full e-flex e-con e-child\" data-id=\"f32f808\" data-element_type=\"container\" data-e-type=\"container\">\n\t\t\t\t<div class=\"elementor-element elementor-element-1c5156d elementor-widget elementor-widget-image\" data-id=\"1c5156d\" data-element_type=\"widget\" data-e-type=\"widget\" data-widget_type=\"image.default\">\n\t\t\t\t<div class=\"elementor-widget-container\">\n\t\t\t\t\t\t\t\t\t\t\t\t\t\t\t<img loading=\"lazy\" decoding=\"async\" width=\"71\" height=\"50\" src=\"https:\/\/leapro.com\/wp-content\/uploads\/2025\/04\/number-3.png\" class=\"attachment-large size-large wp-image-1552\" alt=\"\" \/>\t\t\t\t\t\t\t\t\t\t\t\t\t\t\t<\/div>\n\t\t\t\t<\/div>\n\t\t\t\t<div class=\"elementor-element elementor-element-26ffa59 elementor-widget elementor-widget-heading\" data-id=\"26ffa59\" data-element_type=\"widget\" data-e-type=\"widget\" data-widget_type=\"heading.default\">\n\t\t\t\t<div class=\"elementor-widget-container\">\n\t\t\t\t\t<p class=\"elementor-heading-title elementor-size-default\">We focus on safe and <br>timely deliveries to help <br>your business run smoothly.<\/p>\t\t\t\t<\/div>\n\t\t\t\t<\/div>\n\t\t\t\t<\/div>\n\t\t<div class=\"elementor-element elementor-element-8b73596 e-con-full e-flex e-con e-child\" data-id=\"8b73596\" data-element_type=\"container\" data-e-type=\"container\">\n\t\t\t\t<div class=\"elementor-element elementor-element-37f8b73 elementor-widget elementor-widget-image\" data-id=\"37f8b73\" data-element_type=\"widget\" data-e-type=\"widget\" data-widget_type=\"image.default\">\n\t\t\t\t<div class=\"elementor-widget-container\">\n\t\t\t\t\t\t\t\t\t\t\t\t\t\t\t<img loading=\"lazy\" decoding=\"async\" width=\"444\" height=\"297\" src=\"https:\/\/leapro.com\/wp-content\/uploads\/2025\/04\/logistic-image-3.png\" class=\"attachment-large size-large wp-image-1556\" alt=\"Supply chain automation\" srcset=\"https:\/\/leapro.com\/wp-content\/uploads\/2025\/04\/logistic-image-3.png 444w, https:\/\/leapro.com\/wp-content\/uploads\/2025\/04\/logistic-image-3-300x201.png 300w\" sizes=\"(max-width: 444px) 100vw, 444px\" \/>\t\t\t\t\t\t\t\t\t\t\t\t\t\t\t<\/div>\n\t\t\t\t<\/div>\n\t\t\t\t<\/div>\n\t\t\t\t\t<\/div>\n\t\t\t\t<\/div>\n\t\t\t\t<div class=\"elementor-element elementor-element-8a85cd7 elementor-widget elementor-widget-heading\" data-id=\"8a85cd7\" data-element_type=\"widget\" data-e-type=\"widget\" data-widget_type=\"heading.default\">\n\t\t\t\t<div class=\"elementor-widget-container\">\n\t\t\t\t\t<h3 class=\"elementor-heading-title elementor-size-default\"><img decoding=\"async\" src=\"https:\/\/leapro.com\/wp-content\/uploads\/2025\/04\/Screenshot_2025_04_28-12.png\" style=\"vertical-align: middle;margin-right: 30px\">Ideal f\u00fcr<\/h3>\t\t\t\t<\/div>\n\t\t\t\t<\/div>\n\t\t<div class=\"elementor-element elementor-element-d65c711 e-flex e-con-boxed e-con e-parent\" data-id=\"d65c711\" data-element_type=\"container\" data-e-type=\"container\">\n\t\t\t\t\t<div class=\"e-con-inner\">\n\t\t<div class=\"elementor-element elementor-element-8eb1a7a e-con-full e-flex e-con e-child\" data-id=\"8eb1a7a\" data-element_type=\"container\" data-e-type=\"container\">\n\t\t\t\t<div class=\"elementor-element elementor-element-030f3c8 elementor-widget elementor-widget-image\" data-id=\"030f3c8\" data-element_type=\"widget\" data-e-type=\"widget\" data-widget_type=\"image.default\">\n\t\t\t\t<div class=\"elementor-widget-container\">\n\t\t\t\t\t\t\t\t\t\t\t\t\t\t\t<img loading=\"lazy\" decoding=\"async\" width=\"640\" height=\"427\" src=\"https:\/\/leapro.com\/wp-content\/uploads\/2025\/04\/mf-evelyn-KwpsdFT_um8-unsplash.jpg\" class=\"attachment-large size-large wp-image-1590\" alt=\"Clothing store\" srcset=\"https:\/\/leapro.com\/wp-content\/uploads\/2025\/04\/mf-evelyn-KwpsdFT_um8-unsplash.jpg 640w, https:\/\/leapro.com\/wp-content\/uploads\/2025\/04\/mf-evelyn-KwpsdFT_um8-unsplash-300x200.jpg 300w\" sizes=\"(max-width: 640px) 100vw, 640px\" \/>\t\t\t\t\t\t\t\t\t\t\t\t\t\t\t<\/div>\n\t\t\t\t<\/div>\n\t\t\t\t<div class=\"elementor-element elementor-element-ff94c35 elementor-widget elementor-widget-heading\" data-id=\"ff94c35\" data-element_type=\"widget\" data-e-type=\"widget\" data-widget_type=\"heading.default\">\n\t\t\t\t<div class=\"elementor-widget-container\">\n\t\t\t\t\t<p class=\"elementor-heading-title elementor-size-default\">Kleinere und mittelst\u00e4ndische Unternehmen, die an Gesch\u00e4ftsadressen oder Lagerh\u00e4user liefern m\u00fcssen.<\/p>\t\t\t\t<\/div>\n\t\t\t\t<\/div>\n\t\t\t\t<\/div>\n\t\t<div class=\"elementor-element elementor-element-c3d80ae e-con-full e-flex e-con e-child\" data-id=\"c3d80ae\" data-element_type=\"container\" data-e-type=\"container\">\n\t\t\t\t<\/div>\n\t\t\t\t\t<\/div>\n\t\t\t\t<\/div>\n\t\t<div class=\"elementor-element elementor-element-9339efe e-flex e-con-boxed e-con e-parent\" data-id=\"9339efe\" data-element_type=\"container\" data-e-type=\"container\">\n\t\t\t\t\t<div class=\"e-con-inner\">\n\t\t<div class=\"elementor-element elementor-element-50ddaff e-con-full e-flex e-con e-child\" data-id=\"50ddaff\" data-element_type=\"container\" data-e-type=\"container\">\n\t\t\t\t<div class=\"elementor-element elementor-element-c8a3d41 elementor-widget elementor-widget-heading\" data-id=\"c8a3d41\" data-element_type=\"widget\" data-e-type=\"widget\" data-widget_type=\"heading.default\">\n\t\t\t\t<div class=\"elementor-widget-container\">\n\t\t\t\t\t<p class=\"elementor-heading-title elementor-size-default\">M\u00f6chten Sie mehr \u00fcber unsere Services erfahren?<\/p>\t\t\t\t<\/div>\n\t\t\t\t<\/div>\n\t\t\t\t<div class=\"elementor-element elementor-element-2624a37 elementor-align-center elementor-widget elementor-widget-button\" data-id=\"2624a37\" data-element_type=\"widget\" data-e-type=\"widget\" aria-label=\"Kontaktieren Sie uns\" data-widget_type=\"button.default\">\n\t\t\t\t<div class=\"elementor-widget-container\">\n\t\t\t\t\t\t\t\t\t<div class=\"elementor-button-wrapper\">\n\t\t\t\t\t<a class=\"elementor-button elementor-button-link elementor-size-sm\" href=\"\/de\/contact-us\/\">\n\t\t\t\t\t\t<span class=\"elementor-button-content-wrapper\">\n\t\t\t\t\t\t\t\t\t<span class=\"elementor-button-text\">Kontaktieren Sie uns<\/span>\n\t\t\t\t\t<\/span>\n\t\t\t\t\t<\/a>\n\t\t\t\t<\/div>\n\t\t\t\t\t\t\t\t<\/div>\n\t\t\t\t<\/div>\n\t\t\t\t<\/div>\n\t\t\t\t\t<\/div>\n\t\t\t\t<\/div>\n\t\t\t\t\t<\/div>\n\t\t<\/div>\n\t\t\t\t\t<\/div>\n\t\t<\/section>\n\t\t\t\t<\/div>","protected":false},"excerpt":{"rendered":"<p>Commercial Shipping Features Caters to solutions for businesses needing to send parcels to commercial addresses. Specifically designed to meet the unique needs of B2B deliveries with flexible scheduling, reliable tracking, and delivery options. We focus on safe and timely deliveries to help your business run smoothly. Ideal For Small to mid-sized businesses needing to deliver [&hellip;]<\/p>\n","protected":false},"author":1,"featured_media":0,"parent":0,"menu_order":0,"comment_status":"closed","ping_status":"closed","template":"","meta":{"footnotes":""},"class_list":["post-29","page","type-page","status-publish","hentry"],"yoast_head":"<!-- This site is optimized with the Yoast SEO plugin v27.4 - https:\/\/yoast.com\/product\/yoast-seo-wordpress\/ -->\n<title>Commercial Shipping - Leapro<\/title>\n<meta name=\"robots\" content=\"index, follow, max-snippet:-1, max-image-preview:large, max-video-preview:-1\" \/>\n<link rel=\"canonical\" href=\"https:\/\/leapro.com\/de\/commercial-shipping\/\" \/>\n<meta property=\"og:locale\" content=\"de_DE\" \/>\n<meta property=\"og:type\" content=\"article\" \/>\n<meta property=\"og:title\" content=\"Commercial Shipping - Leapro\" \/>\n<meta property=\"og:description\" content=\"Commercial Shipping Features Caters to solutions for businesses needing to send parcels to commercial addresses. Specifically designed to meet the unique needs of B2B deliveries with flexible scheduling, reliable tracking, and delivery options. We focus on safe and timely deliveries to help your business run smoothly. Ideal For Small to mid-sized businesses needing to deliver [&hellip;]\" \/>\n<meta property=\"og:url\" content=\"https:\/\/leapro.com\/de\/commercial-shipping\/\" \/>\n<meta property=\"og:site_name\" content=\"Leapro\" \/>\n<meta property=\"article:modified_time\" content=\"2025-08-14T06:52:52+00:00\" \/>\n<meta property=\"og:image\" content=\"https:\/\/leapro.com\/wp-content\/uploads\/2025\/04\/Screenshot_2025_04_28-12.png\" \/>\n<meta name=\"twitter:card\" content=\"summary_large_image\" \/>\n<meta name=\"twitter:label1\" content=\"Gesch\u00e4tzte Lesezeit\" \/>\n\t<meta name=\"twitter:data1\" content=\"3\u00a0Minuten\" \/>\n<script type=\"application\/ld+json\" class=\"yoast-schema-graph\">{\"@context\":\"https:\\\/\\\/schema.org\",\"@graph\":[{\"@type\":\"WebPage\",\"@id\":\"https:\\\/\\\/leapro.com\\\/commercial-shipping\\\/\",\"url\":\"https:\\\/\\\/leapro.com\\\/commercial-shipping\\\/\",\"name\":\"Commercial Shipping - Leapro\",\"isPartOf\":{\"@id\":\"https:\\\/\\\/leapro.com\\\/#website\"},\"primaryImageOfPage\":{\"@id\":\"https:\\\/\\\/leapro.com\\\/commercial-shipping\\\/#primaryimage\"},\"image\":{\"@id\":\"https:\\\/\\\/leapro.com\\\/commercial-shipping\\\/#primaryimage\"},\"thumbnailUrl\":\"https:\\\/\\\/leapro.com\\\/wp-content\\\/uploads\\\/2025\\\/04\\\/Screenshot_2025_04_28-12.png\",\"datePublished\":\"2025-01-06T03:46:01+00:00\",\"dateModified\":\"2025-08-14T06:52:52+00:00\",\"breadcrumb\":{\"@id\":\"https:\\\/\\\/leapro.com\\\/commercial-shipping\\\/#breadcrumb\"},\"inLanguage\":\"de\",\"potentialAction\":[{\"@type\":\"ReadAction\",\"target\":[\"https:\\\/\\\/leapro.com\\\/commercial-shipping\\\/\"]}]},{\"@type\":\"ImageObject\",\"inLanguage\":\"de\",\"@id\":\"https:\\\/\\\/leapro.com\\\/commercial-shipping\\\/#primaryimage\",\"url\":\"https:\\\/\\\/leapro.com\\\/wp-content\\\/uploads\\\/2025\\\/04\\\/Screenshot_2025_04_28-12.png\",\"contentUrl\":\"https:\\\/\\\/leapro.com\\\/wp-content\\\/uploads\\\/2025\\\/04\\\/Screenshot_2025_04_28-12.png\"},{\"@type\":\"BreadcrumbList\",\"@id\":\"https:\\\/\\\/leapro.com\\\/commercial-shipping\\\/#breadcrumb\",\"itemListElement\":[{\"@type\":\"ListItem\",\"position\":1,\"name\":\"Home\",\"item\":\"https:\\\/\\\/leapro.com\\\/\"},{\"@type\":\"ListItem\",\"position\":2,\"name\":\"Commercial Shipping\"}]},{\"@type\":\"WebSite\",\"@id\":\"https:\\\/\\\/leapro.com\\\/#website\",\"url\":\"https:\\\/\\\/leapro.com\\\/\",\"name\":\"Leapro\",\"description\":\"Smarter deliveries \ud83d\udce6: Last mile efficient solutions.\",\"potentialAction\":[{\"@type\":\"SearchAction\",\"target\":{\"@type\":\"EntryPoint\",\"urlTemplate\":\"https:\\\/\\\/leapro.com\\\/?s={search_term_string}\"},\"query-input\":{\"@type\":\"PropertyValueSpecification\",\"valueRequired\":true,\"valueName\":\"search_term_string\"}}],\"inLanguage\":\"de\"}]}<\/script>\n<!-- \/ Yoast SEO plugin. -->","yoast_head_json":{"title":"Commercial Shipping - Leapro","robots":{"index":"index","follow":"follow","max-snippet":"max-snippet:-1","max-image-preview":"max-image-preview:large","max-video-preview":"max-video-preview:-1"},"canonical":"https:\/\/leapro.com\/de\/commercial-shipping\/","og_locale":"de_DE","og_type":"article","og_title":"Commercial Shipping - Leapro","og_description":"Commercial Shipping Features Caters to solutions for businesses needing to send parcels to commercial addresses. Specifically designed to meet the unique needs of B2B deliveries with flexible scheduling, reliable tracking, and delivery options. We focus on safe and timely deliveries to help your business run smoothly. Ideal For Small to mid-sized businesses needing to deliver [&hellip;]","og_url":"https:\/\/leapro.com\/de\/commercial-shipping\/","og_site_name":"Leapro","article_modified_time":"2025-08-14T06:52:52+00:00","og_image":[{"url":"https:\/\/leapro.com\/wp-content\/uploads\/2025\/04\/Screenshot_2025_04_28-12.png","type":"","width":"","height":""}],"twitter_card":"summary_large_image","twitter_misc":{"Gesch\u00e4tzte Lesezeit":"3\u00a0Minuten"},"schema":{"@context":"https:\/\/schema.org","@graph":[{"@type":"WebPage","@id":"https:\/\/leapro.com\/commercial-shipping\/","url":"https:\/\/leapro.com\/commercial-shipping\/","name":"Commercial Shipping - Leapro","isPartOf":{"@id":"https:\/\/leapro.com\/#website"},"primaryImageOfPage":{"@id":"https:\/\/leapro.com\/commercial-shipping\/#primaryimage"},"image":{"@id":"https:\/\/leapro.com\/commercial-shipping\/#primaryimage"},"thumbnailUrl":"https:\/\/leapro.com\/wp-content\/uploads\/2025\/04\/Screenshot_2025_04_28-12.png","datePublished":"2025-01-06T03:46:01+00:00","dateModified":"2025-08-14T06:52:52+00:00","breadcrumb":{"@id":"https:\/\/leapro.com\/commercial-shipping\/#breadcrumb"},"inLanguage":"de","potentialAction":[{"@type":"ReadAction","target":["https:\/\/leapro.com\/commercial-shipping\/"]}]},{"@type":"ImageObject","inLanguage":"de","@id":"https:\/\/leapro.com\/commercial-shipping\/#primaryimage","url":"https:\/\/leapro.com\/wp-content\/uploads\/2025\/04\/Screenshot_2025_04_28-12.png","contentUrl":"https:\/\/leapro.com\/wp-content\/uploads\/2025\/04\/Screenshot_2025_04_28-12.png"},{"@type":"BreadcrumbList","@id":"https:\/\/leapro.com\/commercial-shipping\/#breadcrumb","itemListElement":[{"@type":"ListItem","position":1,"name":"Home","item":"https:\/\/leapro.com\/"},{"@type":"ListItem","position":2,"name":"Commercial Shipping"}]},{"@type":"WebSite","@id":"https:\/\/leapro.com\/#website","url":"https:\/\/leapro.com\/","name":"Leapro","description":"Smarter deliveries \ud83d\udce6: Last mile efficient solutions.","potentialAction":[{"@type":"SearchAction","target":{"@type":"EntryPoint","urlTemplate":"https:\/\/leapro.com\/?s={search_term_string}"},"query-input":{"@type":"PropertyValueSpecification","valueRequired":true,"valueName":"search_term_string"}}],"inLanguage":"de"}]}},"_links":{"self":[{"href":"https:\/\/leapro.com\/de\/wp-json\/wp\/v2\/pages\/29","targetHints":{"allow":["GET"]}}],"collection":[{"href":"https:\/\/leapro.com\/de\/wp-json\/wp\/v2\/pages"}],"about":[{"href":"https:\/\/leapro.com\/de\/wp-json\/wp\/v2\/types\/page"}],"author":[{"embeddable":true,"href":"https:\/\/leapro.com\/de\/wp-json\/wp\/v2\/users\/1"}],"replies":[{"embeddable":true,"href":"https:\/\/leapro.com\/de\/wp-json\/wp\/v2\/comments?post=29"}],"version-history":[{"count":5,"href":"https:\/\/leapro.com\/de\/wp-json\/wp\/v2\/pages\/29\/revisions"}],"predecessor-version":[{"id":2864,"href":"https:\/\/leapro.com\/de\/wp-json\/wp\/v2\/pages\/29\/revisions\/2864"}],"wp:attachment":[{"href":"https:\/\/leapro.com\/de\/wp-json\/wp\/v2\/media?parent=29"}],"curies":[{"name":"wp","href":"https:\/\/api.w.org\/{rel}","templated":true}]}}