{"id":2909,"date":"2025-08-19T07:20:47","date_gmt":"2025-08-19T07:20:47","guid":{"rendered":"https:\/\/leapro.com\/?page_id=2909"},"modified":"2025-08-19T08:53:08","modified_gmt":"2025-08-19T08:53:08","slug":"barrierefreiheitserklarung","status":"publish","type":"page","link":"https:\/\/leapro.com\/de\/barrierefreiheitserklarung\/","title":{"rendered":"Barrierefreiheitserkl\u00e4rung"},"content":{"rendered":"<div data-elementor-type=\"wp-page\" data-elementor-id=\"2909\" class=\"elementor elementor-2909\" data-elementor-post-type=\"page\">\n\t\t\t\t<div class=\"elementor-element elementor-element-8a40a09 e-flex e-con-boxed e-con e-parent\" data-id=\"8a40a09\" data-element_type=\"container\" data-e-type=\"container\">\n\t\t\t\t\t<div class=\"e-con-inner\">\n\t\t\t\t<div class=\"elementor-element elementor-element-6914f84 elementor-widget elementor-widget-heading\" data-id=\"6914f84\" data-element_type=\"widget\" data-e-type=\"widget\" data-widget_type=\"heading.default\">\n\t\t\t\t<div class=\"elementor-widget-container\">\n\t\t\t\t\t<h1 class=\"elementor-heading-title elementor-size-default\">Barrierefreiheitserkl\u00e4rung<\/h1>\t\t\t\t<\/div>\n\t\t\t\t<\/div>\n\t\t\t\t\t<\/div>\n\t\t\t\t<\/div>\n\t\t<div class=\"elementor-element elementor-element-5da66a47 e-flex e-con-boxed e-con e-parent\" data-id=\"5da66a47\" data-element_type=\"container\" data-e-type=\"container\">\n\t\t\t\t\t<div class=\"e-con-inner\">\n\t\t\t\t<div class=\"elementor-element elementor-element-2a3f052b elementor-widget elementor-widget-text-editor\" data-id=\"2a3f052b\" data-element_type=\"widget\" data-e-type=\"widget\" data-widget_type=\"text-editor.default\">\n\t\t\t\t<div class=\"elementor-widget-container\">\n\t\t\t\t\t\t\t\t\t<div data-page-id=\"Wc56dJRNBooqObx5hJjcX4aMntf\" data-lark-html-role=\"root\" data-docx-has-block-data=\"false\"><div class=\"ace-line ace-line old-record-id-KSQIdC6SfoqKyKxGCPlcTJT6nWJ\"><strong>Leapro GmbH<\/strong> ist bem\u00fcht, ihre Website <a href=\"https:\/\/leapro.com\/de\/\" data-lark-is-custom=\"true\"><span style=\"color: #768ef7;\">https:\/\/leapro.com<\/span><\/a> barrierefrei zug\u00e4nglich zu machen, im Einklang mit den geltenden Anforderungen der Richtlinie (EU) 2016\/2102, dem Barrierefreiheitsst\u00e4rkungsgesetz (BFSG) sowie den internationalen Web Content Accessibility Guidelines (WCAG) 2.1, Konformit\u00e4tsstufe AA.<\/div><h2 class=\"heading-3 ace-line old-record-id-ZU6wdlLu5o8BEnxFsDxcyyE1nOp\">Stand der <span style=\"color: #000000;\">Vereinbarkeit mit den Anforderungen<\/span><\/h2><div class=\"ace-line ace-line old-record-id-X5z9dlm9Ioz9GgxLjLQcAhLsn0b\">Diese Website ist gr\u00f6\u00dftenteils mit den WCAG 2.1, Konformit\u00e4tsstufe AA, vereinbar. Einzelne Bereiche erf\u00fcllen die Barrierefreiheitsanforderungen noch nicht vollst\u00e4ndig.<\/div><h2 class=\"heading-3 ace-line old-record-id-FvR3dFrbroAE4mxqKsMcygXjnbc\">Nicht barrierefreie Inhalte<\/h2><div class=\"ace-line ace-line old-record-id-Q0jidU3PFoF9d2xlLmVcalxMnOh\">Die nachstehend aufgef\u00fchrten Inhalte sind aus folgenden Gr\u00fcnden nicht barrierefrei:<\/div><ul class=\"list-bullet1\"><li class=\"ace-line ace-line old-record-id-GyGPd9T1bouqJ1x2iATcKXOyncc\" data-list=\"bullet\"><div>Einzelne Bilder k\u00f6nnen fehlende oder unvollst\u00e4ndige Alternativtexte haben.<\/div><\/li><li class=\"ace-line ace-line old-record-id-XdB7dy3juoJ6OKxdyeMcklxsnzd\" data-list=\"bullet\"><div>Die Paketverfolgungsfunktion und Kontaktformulare sind derzeit nur teilweise f\u00fcr Screenreader optimiert.<\/div><\/li><li class=\"ace-line ace-line old-record-id-Js6CdddfpoZB3OxAekHcAU7snhb\" data-list=\"bullet\"><div>Manche Kontraste entsprechen noch nicht vollst\u00e4ndig den Mindestanforderungen.<\/div><\/li><\/ul><div>\u00a0<\/div><div class=\"ace-line ace-line old-record-id-PrTadVVnFob7xXx2W34cMSttnre\">Wir arbeiten kontinuierlich daran, diese M\u00e4ngel zu beheben und die Zug\u00e4nglichkeit weiter zu verbessern.<\/div><h2 class=\"heading-3 ace-line old-record-id-Q1v9dqX1AoB8vvxdHW9cvqVvnge\">Erstellung dieser Erkl\u00e4rung<\/h2><div class=\"ace-line ace-line old-record-id-VZJpdAFUzoxq8Mx1gj2cRsucnke\">Diese Erkl\u00e4rung wurde am 12. Juli 2025 erstellt und zuletzt am 17. August 2025\u00a0\u00fcberpr\u00fcft. Die Bewertung der Barrierefreiheit beruht auf einer internen Selbstbewertung.<\/div><h2 class=\"heading-3 ace-line old-record-id-B0d9d3gpSoQwZZxW0UzcVo4dnhb\">Feedback und Kontakt<\/h2><div class=\"ace-line ace-line old-record-id-EkJIdJfD1oKQxOxUNNscEtWLnge\">Sind Ihnen M\u00e4ngel beim barrierefreien Zugang zu Inhalten unserer Website aufgefallen? Bitte kontaktieren Sie uns, damit wir gemeinsam eine L\u00f6sung finden k\u00f6nnen:<\/div><div class=\"ace-line ace-line old-record-id-JJMTdQHILoE4uXxKnFUc7WHSnfe\">\u00a0<\/div><\/div>\t\t\t\t\t\t\t\t<\/div>\n\t\t\t\t<\/div>\n\t\t\t\t<div class=\"elementor-element elementor-element-8cb642a fluentform-widget-submit-button-custom elementor-widget elementor-widget-fluent-form-widget\" data-id=\"8cb642a\" data-element_type=\"widget\" data-e-type=\"widget\" data-widget_type=\"fluent-form-widget.default\">\n\t\t\t\t<div class=\"elementor-widget-container\">\n\t\t\t\t\t\n            <div class=\"fluentform-widget-wrapper fluentform-widget-align-default\">\n\n            \n            <div class='fluentform ff-default fluentform_wrapper_5 ffs_default_wrap'><form data-form_id=\"5\" id=\"fluentform_5\" class=\"frm-fluent-form fluent_form_5 ff-el-form-top ff_form_instance_5_1 ff-form-loading ffs_default\" data-form_instance=\"ff_form_instance_5_1\" method=\"POST\" action=\"\" ><fieldset  style=\"border: none!important;margin: 0!important;padding: 0!important;background-color: transparent!important;box-shadow: none!important;outline: none!important; min-inline-size: 100%;\">\n                    <legend class=\"ff_screen_reader_title\" style=\"display: block; margin: 0!important;padding: 0!important;height: 0!important;text-indent: -999999px;width: 0!important;overflow:hidden;\">Accessibility Form<\/legend><input type='hidden' name='__fluent_form_embded_post_id' value='2909' \/><input type=\"hidden\" id=\"_fluentform_5_fluentformnonce\" name=\"_fluentform_5_fluentformnonce\" value=\"1ac540494d\" \/><input type=\"hidden\" name=\"_wp_http_referer\" value=\"\/de\/wp-json\/wp\/v2\/pages\/2909\" \/><div class='ff-el-group'><div class=\"ff-el-input--label asterisk-right\"><label for='ff_5_input_text' id='label_ff_5_input_text' aria-label=\"Name\">Name<\/label><\/div><div class='ff-el-input--content'><input type=\"text\" name=\"input_text\" class=\"ff-el-form-control\" placeholder=\"Name\" data-name=\"input_text\" id=\"ff_5_input_text\"  aria-invalid=\"false\" aria-required=\"false\"><\/div><\/div><div class='ff-el-group'><div class=\"ff-el-input--label ff-el-is-required asterisk-right\"><label for='ff_5_email' id='label_ff_5_email' aria-label=\"Email\">Email<\/label><\/div><div class='ff-el-input--content'><input type=\"email\" name=\"email\" id=\"ff_5_email\" class=\"ff-el-form-control\" placeholder=\"E-mail\" data-name=\"email\"  aria-invalid=\"false\" aria-required=\"true\"><\/div><\/div><div class='ff-el-group'><div class=\"ff-el-input--label asterisk-right\"><label for='ff_5_input_text_1' id='label_ff_5_input_text_1' aria-label=\"Phone Number\">Phone Number<\/label><\/div><div class='ff-el-input--content'><input type=\"text\" name=\"input_text_1\" class=\"ff-el-form-control\" placeholder=\"Telefonnummer\" data-name=\"input_text_1\" id=\"ff_5_input_text_1\"  aria-invalid=\"false\" aria-required=\"false\"><\/div><\/div><div class='ff-el-group'><div class=\"ff-el-input--label ff-el-is-required asterisk-right\"><label for='ff_5_input_text_2' id='label_ff_5_input_text_2' aria-label=\"Page\/Section Where You Experienced the Issue\">Page\/Section Where You Experienced the Issue<\/label><\/div><div class='ff-el-input--content'><input type=\"text\" name=\"input_text_2\" class=\"ff-el-form-control\" placeholder=\"Seite\/Abschnitt, auf der das Problem aufgetreten ist\" data-name=\"input_text_2\" id=\"ff_5_input_text_2\"  aria-invalid=\"false\" aria-required=\"true\"><\/div><\/div><div class='ff-el-group'><div class=\"ff-el-input--label ff-el-is-required asterisk-right\"><label for='ff_5_description' id='label_ff_5_description' aria-label=\"Describe the Accessibility Issue\">Describe the Accessibility Issue<\/label><\/div><div class='ff-el-input--content'><textarea aria-required=\"true\" aria-labelledby=\"label_ff_5_description\" name=\"description\" id=\"ff_5_description\" class=\"ff-el-form-control\" placeholder=\"Beschreiben Sie das Barrierefreiheitsproblem\" rows=\"7\" cols=\"2\" data-name=\"description\" ><\/textarea><\/div><\/div><div class='ff-el-group'><div class=\"ff-el-input--label asterisk-right\"><label for='ff_5_input_text_3' id='label_ff_5_input_text_3' aria-label=\"Assistive Technology or Device Used\">Assistive Technology or Device Used<\/label><\/div><div class='ff-el-input--content'><input type=\"text\" name=\"input_text_3\" class=\"ff-el-form-control\" placeholder=\"Verwendete unterst\u00fctzende Technologie oder Ger\u00e4t\" data-name=\"input_text_3\" id=\"ff_5_input_text_3\"  aria-invalid=\"false\" aria-required=\"false\"><\/div><\/div><div class='ff-el-group'><div class=\"ff-el-input--label asterisk-right\"><label for='ff_5_dropdown' id='label_ff_5_dropdown' aria-label=\"Preferred Contact Method:\">Preferred Contact Method:<\/label><\/div><div class='ff-el-input--content'><select name=\"dropdown\" id=\"ff_5_dropdown\" class=\"ff-el-form-control\" data-name=\"dropdown\" data-calc_value=\"0\"  aria-invalid=\"false\" aria-required=\"false\" aria-labelledby=\"label_ff_5_dropdown\"><option value=\"\">Bevorzugte Kontaktmethode<\/option><option value=\"Email\"  >Email<\/option><option value=\"Phone\"  >Telefonnummer<\/option><option value=\"No reply needed\"  >No reply needed<\/option><\/select><\/div><\/div><div class='ff-el-group'><div class=\"ff-el-input--label ff-el-is-required asterisk-right\"><label   aria-label=\"Consent Checkbox\">Consent Checkbox<\/label><\/div><div class='ff-el-input--content'><div class='ff-el-form-check ff-el-form-check-'><label class='ff-el-form-check-label' for='checkbox_69dcb3fa5500b06d6284cd46a8482da5'><input  type=\"checkbox\" name=\"checkbox[]\" data-name=\"checkbox\" class=\"ff-el-form-check-input ff-el-form-check-checkbox\" value=\"Ich bin damit einverstanden, dass Shaoke mein Feedback verarbeitet, um die Zug\u00e4nglichkeit zu verbessern und auf meine Anfrage zu antworten.\"  id='checkbox_69dcb3fa5500b06d6284cd46a8482da5' aria-label='Ich bin damit einverstanden, dass Shaoke mein Feedback verarbeitet, um die Zug\u00e4nglichkeit zu verbessern und auf meine Anfrage zu antworten.' aria-invalid='false' aria-required=\"true\"> <span>Ich bin damit einverstanden, dass Shaoke mein Feedback verarbeitet, um die Zug\u00e4nglichkeit zu verbessern und auf meine Anfrage zu antworten.<\/span><\/label><\/div><\/div><\/div><div class='ff-el-group' ><div class='ff-el-input--label'><label>Verification<\/label><\/div><div class='ff-el-input--content'><div data-fluent_id='5' name='g-recaptcha-response'><div\n\t\tdata-sitekey='6LcWgiErAAAAAAE63CyTMu4FvaHw6Fj5xH0kFg1n'\n\t\tid='fluentform-recaptcha-5-1'\n\t\tclass='ff-el-recaptcha g-recaptcha'\n\t\tdata-callback='fluentFormrecaptchaSuccessCallback'><\/div><\/div><\/div><\/div><div class='ff-el-group ff-text-left ff_submit_btn_wrapper'><button type=\"submit\" class=\"ff-btn ff-btn-submit ff-btn-md ff_btn_style\"  aria-label=\"Einreichen\">Einreichen<\/button><\/div><\/fieldset><input type=\"hidden\" name=\"trp-form-language\" value=\"de\"\/><\/form><div id='fluentform_5_errors' class='ff-errors-in-stack ff_form_instance_5_1 ff-form-loading_errors ff_form_instance_5_1_errors'><\/div><\/div>            <script type=\"text\/javascript\">\n                window.fluent_form_ff_form_instance_5_1 = {\"id\":\"5\",\"ajaxUrl\":\"https:\\\/\\\/leapro.com\\\/wp-admin\\\/admin-ajax.php\",\"settings\":{\"layout\":{\"labelPlacement\":\"top\",\"asteriskPlacement\":\"asterisk-right\",\"helpMessagePlacement\":\"with_label\",\"errorMessagePlacement\":\"inline\",\"cssClassName\":\"\"},\"restrictions\":{\"denyEmptySubmission\":{\"enabled\":false}}},\"form_instance\":\"ff_form_instance_5_1\",\"form_id_selector\":\"fluentform_5\",\"rules\":{\"input_text\":{\"required\":{\"value\":false,\"message\":\"Dieses Feld ist erforderlich\",\"global_message\":\"This field is required\",\"global\":true}},\"email\":{\"required\":{\"value\":true,\"message\":\"Dieses Feld ist erforderlich\",\"global_message\":\"This field is required\",\"global\":true},\"email\":{\"value\":true,\"message\":\"Dieses Feld muss eine g\\u00fcltige E-Mail-Adresse enthalten\",\"global_message\":\"This field must contain a valid email\",\"global\":true}},\"input_text_1\":{\"required\":{\"value\":false,\"message\":\"Dieses Feld ist erforderlich\",\"global_message\":\"This field is required\",\"global\":true}},\"input_text_2\":{\"required\":{\"value\":true,\"message\":\"Dieses Feld ist erforderlich\",\"global_message\":\"This field is required\",\"global\":true}},\"description\":{\"required\":{\"value\":true,\"message\":\"Dieses Feld ist erforderlich\",\"global_message\":\"This field is required\",\"global\":true}},\"input_text_3\":{\"required\":{\"value\":false,\"message\":\"Dieses Feld ist erforderlich\",\"global_message\":\"This field is required\",\"global\":true}},\"dropdown\":{\"required\":{\"value\":false,\"message\":\"Dieses Feld ist erforderlich\",\"global_message\":\"This field is required\",\"global\":true}},\"checkbox\":{\"required\":{\"value\":true,\"message\":\"Dieses Feld ist erforderlich\",\"global_message\":\"This field is required\",\"global\":true}},\"g-recaptcha-response\":[]},\"debounce_time\":300};\n                            <\/script>\n                        <\/div>\n\n            \t\t\t\t<\/div>\n\t\t\t\t<\/div>\n\t\t\t\t<div class=\"elementor-element elementor-element-a196796 elementor-widget elementor-widget-text-editor\" data-id=\"a196796\" data-element_type=\"widget\" data-e-type=\"widget\" data-widget_type=\"text-editor.default\">\n\t\t\t\t<div class=\"elementor-widget-container\">\n\t\t\t\t\t\t\t\t\t<div data-page-id=\"Wc56dJRNBooqObx5hJjcX4aMntf\" data-lark-html-role=\"root\" data-docx-has-block-data=\"false\"><h3 class=\"heading-3 ace-line old-record-id-CIGXduMhco1mo2xVfYfcabEMnac\">Hinweis<\/h3><div class=\"ace-line ace-line old-record-id-JJMTdQHILoE4uXxKnFUc7WHSnfe\">Diese Barrierefreiheitserkl\u00e4rung gilt f\u00fcr die Website <span style=\"color: #768ef7;\"><a style=\"color: #768ef7;\" href=\"https:\/\/leapro.com\/de\/\" data-lark-is-custom=\"true\">https:\/\/leapro.com<\/a><\/span>.<\/div><\/div>\t\t\t\t\t\t\t\t<\/div>\n\t\t\t\t<\/div>\n\t\t\t\t\t<\/div>\n\t\t\t\t<\/div>\n\t\t\t\t<\/div>","protected":false},"excerpt":{"rendered":"<p>Barrierefreiheitserkl\u00e4rung Leapro GmbH ist bem\u00fcht, ihre Website https:\/\/leapro.com barrierefrei zug\u00e4nglich zu machen, im Einklang mit den geltenden Anforderungen der Richtlinie (EU) 2016\/2102, dem Barrierefreiheitsst\u00e4rkungsgesetz (BFSG) sowie den internationalen Web Content Accessibility Guidelines (WCAG) 2.1, Konformit\u00e4tsstufe AA. Stand der Vereinbarkeit mit den Anforderungen Diese Website ist gr\u00f6\u00dftenteils mit den WCAG 2.1, Konformit\u00e4tsstufe AA, vereinbar. Einzelne Bereiche [&hellip;]<\/p>\n","protected":false},"author":1,"featured_media":0,"parent":0,"menu_order":0,"comment_status":"closed","ping_status":"closed","template":"","meta":{"footnotes":""},"class_list":["post-2909","page","type-page","status-publish","hentry"],"yoast_head":"<!-- This site is optimized with the Yoast SEO plugin v27.4 - https:\/\/yoast.com\/product\/yoast-seo-wordpress\/ -->\n<title>Barrierefreiheitserkl\u00e4rung - Leapro<\/title>\n<meta name=\"robots\" content=\"index, follow, max-snippet:-1, max-image-preview:large, max-video-preview:-1\" \/>\n<link rel=\"canonical\" href=\"https:\/\/leapro.com\/de\/barrierefreiheitserklarung\/\" \/>\n<meta property=\"og:locale\" content=\"de_DE\" \/>\n<meta property=\"og:type\" content=\"article\" \/>\n<meta property=\"og:title\" content=\"Barrierefreiheitserkl\u00e4rung - Leapro\" \/>\n<meta property=\"og:description\" content=\"Barrierefreiheitserkl\u00e4rung Leapro GmbH ist bem\u00fcht, ihre Website https:\/\/leapro.com barrierefrei zug\u00e4nglich zu machen, im Einklang mit den geltenden Anforderungen der Richtlinie (EU) 2016\/2102, dem Barrierefreiheitsst\u00e4rkungsgesetz (BFSG) sowie den internationalen Web Content Accessibility Guidelines (WCAG) 2.1, Konformit\u00e4tsstufe AA. Stand der Vereinbarkeit mit den Anforderungen Diese Website ist gr\u00f6\u00dftenteils mit den WCAG 2.1, Konformit\u00e4tsstufe AA, vereinbar. Einzelne Bereiche [&hellip;]\" \/>\n<meta property=\"og:url\" content=\"https:\/\/leapro.com\/de\/barrierefreiheitserklarung\/\" \/>\n<meta property=\"og:site_name\" content=\"Leapro\" \/>\n<meta property=\"article:modified_time\" content=\"2025-08-19T08:53:08+00:00\" \/>\n<meta name=\"twitter:card\" content=\"summary_large_image\" \/>\n<meta name=\"twitter:label1\" content=\"Gesch\u00e4tzte Lesezeit\" \/>\n\t<meta name=\"twitter:data1\" content=\"1\u00a0Minute\" \/>\n<script type=\"application\/ld+json\" class=\"yoast-schema-graph\">{\"@context\":\"https:\\\/\\\/schema.org\",\"@graph\":[{\"@type\":\"WebPage\",\"@id\":\"https:\\\/\\\/leapro.com\\\/barrierefreiheitserklarung\\\/\",\"url\":\"https:\\\/\\\/leapro.com\\\/barrierefreiheitserklarung\\\/\",\"name\":\"Barrierefreiheitserkl\u00e4rung - Leapro\",\"isPartOf\":{\"@id\":\"https:\\\/\\\/leapro.com\\\/#website\"},\"datePublished\":\"2025-08-19T07:20:47+00:00\",\"dateModified\":\"2025-08-19T08:53:08+00:00\",\"breadcrumb\":{\"@id\":\"https:\\\/\\\/leapro.com\\\/barrierefreiheitserklarung\\\/#breadcrumb\"},\"inLanguage\":\"de\",\"potentialAction\":[{\"@type\":\"ReadAction\",\"target\":[\"https:\\\/\\\/leapro.com\\\/barrierefreiheitserklarung\\\/\"]}]},{\"@type\":\"BreadcrumbList\",\"@id\":\"https:\\\/\\\/leapro.com\\\/barrierefreiheitserklarung\\\/#breadcrumb\",\"itemListElement\":[{\"@type\":\"ListItem\",\"position\":1,\"name\":\"Home\",\"item\":\"https:\\\/\\\/leapro.com\\\/\"},{\"@type\":\"ListItem\",\"position\":2,\"name\":\"Barrierefreiheitserkl\u00e4rung\"}]},{\"@type\":\"WebSite\",\"@id\":\"https:\\\/\\\/leapro.com\\\/#website\",\"url\":\"https:\\\/\\\/leapro.com\\\/\",\"name\":\"Leapro\",\"description\":\"Smarter deliveries \ud83d\udce6: Last mile efficient solutions.\",\"potentialAction\":[{\"@type\":\"SearchAction\",\"target\":{\"@type\":\"EntryPoint\",\"urlTemplate\":\"https:\\\/\\\/leapro.com\\\/?s={search_term_string}\"},\"query-input\":{\"@type\":\"PropertyValueSpecification\",\"valueRequired\":true,\"valueName\":\"search_term_string\"}}],\"inLanguage\":\"de\"}]}<\/script>\n<!-- \/ Yoast SEO plugin. -->","yoast_head_json":{"title":"Barrierefreiheitserkl\u00e4rung - Leapro","robots":{"index":"index","follow":"follow","max-snippet":"max-snippet:-1","max-image-preview":"max-image-preview:large","max-video-preview":"max-video-preview:-1"},"canonical":"https:\/\/leapro.com\/de\/barrierefreiheitserklarung\/","og_locale":"de_DE","og_type":"article","og_title":"Barrierefreiheitserkl\u00e4rung - Leapro","og_description":"Barrierefreiheitserkl\u00e4rung Leapro GmbH ist bem\u00fcht, ihre Website https:\/\/leapro.com barrierefrei zug\u00e4nglich zu machen, im Einklang mit den geltenden Anforderungen der Richtlinie (EU) 2016\/2102, dem Barrierefreiheitsst\u00e4rkungsgesetz (BFSG) sowie den internationalen Web Content Accessibility Guidelines (WCAG) 2.1, Konformit\u00e4tsstufe AA. Stand der Vereinbarkeit mit den Anforderungen Diese Website ist gr\u00f6\u00dftenteils mit den WCAG 2.1, Konformit\u00e4tsstufe AA, vereinbar. Einzelne Bereiche [&hellip;]","og_url":"https:\/\/leapro.com\/de\/barrierefreiheitserklarung\/","og_site_name":"Leapro","article_modified_time":"2025-08-19T08:53:08+00:00","twitter_card":"summary_large_image","twitter_misc":{"Gesch\u00e4tzte Lesezeit":"1\u00a0Minute"},"schema":{"@context":"https:\/\/schema.org","@graph":[{"@type":"WebPage","@id":"https:\/\/leapro.com\/barrierefreiheitserklarung\/","url":"https:\/\/leapro.com\/barrierefreiheitserklarung\/","name":"Barrierefreiheitserkl\u00e4rung - Leapro","isPartOf":{"@id":"https:\/\/leapro.com\/#website"},"datePublished":"2025-08-19T07:20:47+00:00","dateModified":"2025-08-19T08:53:08+00:00","breadcrumb":{"@id":"https:\/\/leapro.com\/barrierefreiheitserklarung\/#breadcrumb"},"inLanguage":"de","potentialAction":[{"@type":"ReadAction","target":["https:\/\/leapro.com\/barrierefreiheitserklarung\/"]}]},{"@type":"BreadcrumbList","@id":"https:\/\/leapro.com\/barrierefreiheitserklarung\/#breadcrumb","itemListElement":[{"@type":"ListItem","position":1,"name":"Home","item":"https:\/\/leapro.com\/"},{"@type":"ListItem","position":2,"name":"Barrierefreiheitserkl\u00e4rung"}]},{"@type":"WebSite","@id":"https:\/\/leapro.com\/#website","url":"https:\/\/leapro.com\/","name":"Leapro","description":"Smarter deliveries \ud83d\udce6: Last mile efficient solutions.","potentialAction":[{"@type":"SearchAction","target":{"@type":"EntryPoint","urlTemplate":"https:\/\/leapro.com\/?s={search_term_string}"},"query-input":{"@type":"PropertyValueSpecification","valueRequired":true,"valueName":"search_term_string"}}],"inLanguage":"de"}]}},"_links":{"self":[{"href":"https:\/\/leapro.com\/de\/wp-json\/wp\/v2\/pages\/2909","targetHints":{"allow":["GET"]}}],"collection":[{"href":"https:\/\/leapro.com\/de\/wp-json\/wp\/v2\/pages"}],"about":[{"href":"https:\/\/leapro.com\/de\/wp-json\/wp\/v2\/types\/page"}],"author":[{"embeddable":true,"href":"https:\/\/leapro.com\/de\/wp-json\/wp\/v2\/users\/1"}],"replies":[{"embeddable":true,"href":"https:\/\/leapro.com\/de\/wp-json\/wp\/v2\/comments?post=2909"}],"version-history":[{"count":5,"href":"https:\/\/leapro.com\/de\/wp-json\/wp\/v2\/pages\/2909\/revisions"}],"predecessor-version":[{"id":2926,"href":"https:\/\/leapro.com\/de\/wp-json\/wp\/v2\/pages\/2909\/revisions\/2926"}],"wp:attachment":[{"href":"https:\/\/leapro.com\/de\/wp-json\/wp\/v2\/media?parent=2909"}],"curies":[{"name":"wp","href":"https:\/\/api.w.org\/{rel}","templated":true}]}}