{"id":3071,"date":"2025-12-22T09:37:43","date_gmt":"2025-12-22T09:37:43","guid":{"rendered":"https:\/\/leapro.com\/?page_id=3071"},"modified":"2025-12-22T13:04:47","modified_gmt":"2025-12-22T13:04:47","slug":"legal-notice","status":"publish","type":"page","link":"https:\/\/leapro.com\/de\/legal-notice\/","title":{"rendered":"Legal Notice"},"content":{"rendered":"<div data-elementor-type=\"wp-page\" data-elementor-id=\"3071\" class=\"elementor elementor-3071\" data-elementor-post-type=\"page\">\n\t\t\t\t<div class=\"elementor-element elementor-element-61673a1 e-flex e-con-boxed e-con e-parent\" data-id=\"61673a1\" data-element_type=\"container\" data-e-type=\"container\">\n\t\t\t\t\t<div class=\"e-con-inner\">\n\t\t\t\t<div class=\"elementor-element elementor-element-b0de002 elementor-widget elementor-widget-heading\" data-id=\"b0de002\" data-element_type=\"widget\" data-e-type=\"widget\" data-widget_type=\"heading.default\">\n\t\t\t\t<div class=\"elementor-widget-container\">\n\t\t\t\t\t<h1 class=\"elementor-heading-title elementor-size-default\">Legal Notice<\/h1>\t\t\t\t<\/div>\n\t\t\t\t<\/div>\n\t\t\t\t\t<\/div>\n\t\t\t\t<\/div>\n\t\t<div class=\"elementor-element elementor-element-ad84c41 e-flex e-con-boxed e-con e-parent\" data-id=\"ad84c41\" data-element_type=\"container\" data-e-type=\"container\">\n\t\t\t\t\t<div class=\"e-con-inner\">\n\t\t\t\t<div class=\"elementor-element elementor-element-9458ea4 elementor-widget elementor-widget-html\" data-id=\"9458ea4\" data-element_type=\"widget\" data-e-type=\"widget\" data-widget_type=\"html.default\">\n\t\t\t\t<div class=\"elementor-widget-container\">\n\t\t\t\t\t<table style=\"width:100%; border-collapse:collapse; font-family:Arial, sans-serif; font-size:14px;\">\n  <tr>\n    <td style=\"border:1px solid #000; padding:8px;\">\n      Handelsregister B des Amtsgerichts Darmstadt\n    <\/td>\n    <td style=\"border:1px solid #000; padding:8px; text-align:center;\">\n      Abteilung B<br>\n      Wiedergabe des aktuellen Registerinhalts<br>\n      Abruf vom 29.04.2025, 11:13\n    <\/td>\n    <td style=\"border:1px solid #000; padding:8px; text-align:right;\">\n      Nummer der Firma:<br>\n      <strong>HRB 107553<\/strong>\n    <\/td>\n  <\/tr>\n\n\n<\/table>\n\n<br>\t\t\t\t<\/div>\n\t\t\t\t<\/div>\n\t\t\t\t<div class=\"elementor-element elementor-element-85bc504 elementor-widget elementor-widget-text-editor\" data-id=\"85bc504\" data-element_type=\"widget\" data-e-type=\"widget\" data-widget_type=\"text-editor.default\">\n\t\t\t\t<div class=\"elementor-widget-container\">\n\t\t\t\t\t\t\t\t\t<h3 id=\"1-anzahl-der-bisherigen-eintragungen\"><span style=\"color: #454545;\">1. Anzahl der bisherigen Eintragungen<\/span><\/h3><p><span style=\"color: #454545;\">2<\/span><\/p><h3 id=\"2-firma\"><span style=\"color: #454545;\">2. Firma<\/span><\/h3><p><span style=\"color: #454545;\"><strong>a) Firma:<\/strong> <\/span><\/p><p><span style=\"color: #454545;\">Leapro GmbH<\/span><\/p><p><span style=\"color: #454545;\"><strong>b) Sitz, Niederlassung, inl\u00e4ndische Gesch\u00e4ftsanschrift, empfangsberechtigte Person, Zweigniederlassungen:<\/strong><\/span><\/p><p><span style=\"color: #454545;\"> Kelsterbach Gesch\u00e4ftsanschrift: Am Gr\u00fcnen Weg 5, 65451 Kelsterbach<\/span><\/p><p><span style=\"color: #454545;\"><strong>c) Gegenstand des Unternehmens:<\/strong><\/span><\/p><p><span style=\"color: #454545;\"> Lagerbewirtschaftung, Speditions- und Logistikdienstleistungen, insbesondere Transport- und Kurierdienste bis 3,5 Tonnen, Umz\u00fcge sowie die Vermittlung, Organisation und Durchf\u00fchrung von Transporten \u2013 national und international \u2013 sowie LKW-, Luft- und Seefracht, die keiner Erlaubnis nach dem G\u00fcKG bed\u00fcrfen.<\/span><\/p><h3 id=\"3-grund-oder-stammkapital\"><span style=\"color: #454545;\">3. Grund- oder Stammkapital<\/span><\/h3><p><span style=\"color: #454545;\">50.000,00 EUR<\/span><\/p><h3 id=\"4-vertretung\"><span style=\"color: #454545;\">4. Vertretung<\/span><\/h3><p><span style=\"color: #454545;\"><strong>a) Allgemeine Vertretungsregelung:<\/strong> <\/span><\/p><p><span style=\"color: #454545;\">Ist nur ein Gesch\u00e4ftsf\u00fchrer bestellt, so vertritt er die Gesellschaft allein. Sind mehrere Gesch\u00e4ftsf\u00fchrer bestellt, so wird die Gesellschaft durch zwei Gesch\u00e4ftsf\u00fchrer oder durch einen Gesch\u00e4ftsf\u00fchrer gemeinsam mit einem Prokuristen vertreten.<\/span><\/p><p><span style=\"color: #454545;\"><strong>b) Vorstand, Leitungsorgan, gesch\u00e4ftsf\u00fchrende Direktoren, pers\u00f6nlich haftende Gesellschafter, Gesch\u00e4ftsf\u00fchrer, Vertretungsberechtigte und besondere Vertretungsbefugnis:<\/strong><\/span><\/p><p><span style=\"color: #454545;\"> Einzelvertretungsberechtigt; mit der Befugnis, im Namen der Gesellschaft mit sich im eigenen Namen oder als Vertreter eines Dritten Rechtsgesch\u00e4fte abzuschlie\u00dfen.<\/span><\/p><p><span style=\"color: #454545;\">Gesch\u00e4ftsf\u00fchrer: Sassi, Oualid, Orpington \/ Vereinigtes K\u00f6nigreich, *27.07.1980<\/span><\/p><h3 id=\"5-prokura\"><span style=\"color: #454545;\">5. Prokura<\/span><\/h3><p><span style=\"color: #454545;\">&#8212;<\/span><\/p><h3 id=\"6-rechtliche-verh-ltnisse\"><span style=\"color: #454545;\">6. Rechtliche Verh\u00e4ltnisse<\/span><\/h3><p><span style=\"color: #454545;\"><strong>a) Rechtsform, Beginn, Satzung oder Gesellschaftsvertrag:<\/strong><\/span><\/p><p><span style=\"color: #454545;\"> Gesellschaft mit beschr\u00e4nkter Haftung Gesellschaftsvertrag vom 09.12.2024<\/span><\/p><p><span style=\"color: #454545;\"><strong>b) Sonstige Rechtsverh\u00e4ltnisse:<\/strong>\u00a0<\/span><\/p><p><span style=\"color: #454545;\">&#8212;<\/span><\/p><h3 id=\"7-tag-der-letzten-eintragung\"><span style=\"color: #454545;\">7. <\/span><\/h3><p><span style=\"color: #454545;\"><strong>a) Tag der letzten Eintragung<\/strong><\/span><\/p><p><span style=\"color: #454545;\">28.04.2025<\/span><\/p><div>\u00a0<\/div><div>\u00a0<\/div><div>\u00a0<\/div><div>\u00a0<\/div>\t\t\t\t\t\t\t\t<\/div>\n\t\t\t\t<\/div>\n\t\t\t\t\t<\/div>\n\t\t\t\t<\/div>\n\t\t\t\t<\/div>","protected":false},"excerpt":{"rendered":"<p>Legal Notice Handelsregister B des Amtsgerichts Darmstadt Abteilung B Wiedergabe des aktuellen Registerinhalts Abruf vom 29.04.2025, 11:13 Nummer der Firma: HRB 107553 1. Anzahl der bisherigen Eintragungen 2 2. Firma a) Firma: Leapro GmbH b) Sitz, Niederlassung, inl\u00e4ndische Gesch\u00e4ftsanschrift, empfangsberechtigte Person, Zweigniederlassungen: Kelsterbach Gesch\u00e4ftsanschrift: Am Gr\u00fcnen Weg 5, 65451 Kelsterbach c) Gegenstand des Unternehmens: Lagerbewirtschaftung, [&hellip;]<\/p>\n","protected":false},"author":1,"featured_media":0,"parent":0,"menu_order":0,"comment_status":"closed","ping_status":"closed","template":"","meta":{"footnotes":""},"class_list":["post-3071","page","type-page","status-publish","hentry"],"yoast_head":"<!-- This site is optimized with the Yoast SEO plugin v27.5 - https:\/\/yoast.com\/product\/yoast-seo-wordpress\/ -->\n<title>Legal Notice - Leapro<\/title>\n<meta name=\"robots\" content=\"index, follow, max-snippet:-1, max-image-preview:large, max-video-preview:-1\" \/>\n<link rel=\"canonical\" href=\"https:\/\/leapro.com\/de\/legal-notice\/\" \/>\n<meta property=\"og:locale\" content=\"de_DE\" \/>\n<meta property=\"og:type\" content=\"article\" \/>\n<meta property=\"og:title\" content=\"Legal Notice - Leapro\" \/>\n<meta property=\"og:description\" content=\"Legal Notice Handelsregister B des Amtsgerichts Darmstadt Abteilung B Wiedergabe des aktuellen Registerinhalts Abruf vom 29.04.2025, 11:13 Nummer der Firma: HRB 107553 1. Anzahl der bisherigen Eintragungen 2 2. Firma a) Firma: Leapro GmbH b) Sitz, Niederlassung, inl\u00e4ndische Gesch\u00e4ftsanschrift, empfangsberechtigte Person, Zweigniederlassungen: Kelsterbach Gesch\u00e4ftsanschrift: Am Gr\u00fcnen Weg 5, 65451 Kelsterbach c) Gegenstand des Unternehmens: Lagerbewirtschaftung, [&hellip;]\" \/>\n<meta property=\"og:url\" content=\"https:\/\/leapro.com\/de\/legal-notice\/\" \/>\n<meta property=\"og:site_name\" content=\"Leapro\" \/>\n<meta property=\"article:modified_time\" content=\"2025-12-22T13:04:47+00:00\" \/>\n<meta name=\"twitter:card\" content=\"summary_large_image\" \/>\n<meta name=\"twitter:label1\" content=\"Gesch\u00e4tzte Lesezeit\" \/>\n\t<meta name=\"twitter:data1\" content=\"1\u00a0Minute\" \/>\n<script type=\"application\/ld+json\" class=\"yoast-schema-graph\">{\"@context\":\"https:\\\/\\\/schema.org\",\"@graph\":[{\"@type\":\"WebPage\",\"@id\":\"https:\\\/\\\/leapro.com\\\/legal-notice\\\/\",\"url\":\"https:\\\/\\\/leapro.com\\\/legal-notice\\\/\",\"name\":\"Legal Notice - Leapro\",\"isPartOf\":{\"@id\":\"https:\\\/\\\/leapro.com\\\/#website\"},\"datePublished\":\"2025-12-22T09:37:43+00:00\",\"dateModified\":\"2025-12-22T13:04:47+00:00\",\"breadcrumb\":{\"@id\":\"https:\\\/\\\/leapro.com\\\/legal-notice\\\/#breadcrumb\"},\"inLanguage\":\"de\",\"potentialAction\":[{\"@type\":\"ReadAction\",\"target\":[\"https:\\\/\\\/leapro.com\\\/legal-notice\\\/\"]}]},{\"@type\":\"BreadcrumbList\",\"@id\":\"https:\\\/\\\/leapro.com\\\/legal-notice\\\/#breadcrumb\",\"itemListElement\":[{\"@type\":\"ListItem\",\"position\":1,\"name\":\"Home\",\"item\":\"https:\\\/\\\/leapro.com\\\/\"},{\"@type\":\"ListItem\",\"position\":2,\"name\":\"Legal Notice\"}]},{\"@type\":\"WebSite\",\"@id\":\"https:\\\/\\\/leapro.com\\\/#website\",\"url\":\"https:\\\/\\\/leapro.com\\\/\",\"name\":\"Leapro\",\"description\":\"Smarter deliveries \ud83d\udce6: Last mile efficient solutions.\",\"potentialAction\":[{\"@type\":\"SearchAction\",\"target\":{\"@type\":\"EntryPoint\",\"urlTemplate\":\"https:\\\/\\\/leapro.com\\\/?s={search_term_string}\"},\"query-input\":{\"@type\":\"PropertyValueSpecification\",\"valueRequired\":true,\"valueName\":\"search_term_string\"}}],\"inLanguage\":\"de\"}]}<\/script>\n<!-- \/ Yoast SEO plugin. -->","yoast_head_json":{"title":"Legal Notice - Leapro","robots":{"index":"index","follow":"follow","max-snippet":"max-snippet:-1","max-image-preview":"max-image-preview:large","max-video-preview":"max-video-preview:-1"},"canonical":"https:\/\/leapro.com\/de\/legal-notice\/","og_locale":"de_DE","og_type":"article","og_title":"Legal Notice - Leapro","og_description":"Legal Notice Handelsregister B des Amtsgerichts Darmstadt Abteilung B Wiedergabe des aktuellen Registerinhalts Abruf vom 29.04.2025, 11:13 Nummer der Firma: HRB 107553 1. Anzahl der bisherigen Eintragungen 2 2. Firma a) Firma: Leapro GmbH b) Sitz, Niederlassung, inl\u00e4ndische Gesch\u00e4ftsanschrift, empfangsberechtigte Person, Zweigniederlassungen: Kelsterbach Gesch\u00e4ftsanschrift: Am Gr\u00fcnen Weg 5, 65451 Kelsterbach c) Gegenstand des Unternehmens: Lagerbewirtschaftung, [&hellip;]","og_url":"https:\/\/leapro.com\/de\/legal-notice\/","og_site_name":"Leapro","article_modified_time":"2025-12-22T13:04:47+00:00","twitter_card":"summary_large_image","twitter_misc":{"Gesch\u00e4tzte Lesezeit":"1\u00a0Minute"},"schema":{"@context":"https:\/\/schema.org","@graph":[{"@type":"WebPage","@id":"https:\/\/leapro.com\/legal-notice\/","url":"https:\/\/leapro.com\/legal-notice\/","name":"Legal Notice - Leapro","isPartOf":{"@id":"https:\/\/leapro.com\/#website"},"datePublished":"2025-12-22T09:37:43+00:00","dateModified":"2025-12-22T13:04:47+00:00","breadcrumb":{"@id":"https:\/\/leapro.com\/legal-notice\/#breadcrumb"},"inLanguage":"de","potentialAction":[{"@type":"ReadAction","target":["https:\/\/leapro.com\/legal-notice\/"]}]},{"@type":"BreadcrumbList","@id":"https:\/\/leapro.com\/legal-notice\/#breadcrumb","itemListElement":[{"@type":"ListItem","position":1,"name":"Home","item":"https:\/\/leapro.com\/"},{"@type":"ListItem","position":2,"name":"Legal Notice"}]},{"@type":"WebSite","@id":"https:\/\/leapro.com\/#website","url":"https:\/\/leapro.com\/","name":"Leapro","description":"Smarter deliveries \ud83d\udce6: Last mile efficient solutions.","potentialAction":[{"@type":"SearchAction","target":{"@type":"EntryPoint","urlTemplate":"https:\/\/leapro.com\/?s={search_term_string}"},"query-input":{"@type":"PropertyValueSpecification","valueRequired":true,"valueName":"search_term_string"}}],"inLanguage":"de"}]}},"_links":{"self":[{"href":"https:\/\/leapro.com\/de\/wp-json\/wp\/v2\/pages\/3071","targetHints":{"allow":["GET"]}}],"collection":[{"href":"https:\/\/leapro.com\/de\/wp-json\/wp\/v2\/pages"}],"about":[{"href":"https:\/\/leapro.com\/de\/wp-json\/wp\/v2\/types\/page"}],"author":[{"embeddable":true,"href":"https:\/\/leapro.com\/de\/wp-json\/wp\/v2\/users\/1"}],"replies":[{"embeddable":true,"href":"https:\/\/leapro.com\/de\/wp-json\/wp\/v2\/comments?post=3071"}],"version-history":[{"count":25,"href":"https:\/\/leapro.com\/de\/wp-json\/wp\/v2\/pages\/3071\/revisions"}],"predecessor-version":[{"id":3123,"href":"https:\/\/leapro.com\/de\/wp-json\/wp\/v2\/pages\/3071\/revisions\/3123"}],"wp:attachment":[{"href":"https:\/\/leapro.com\/de\/wp-json\/wp\/v2\/media?parent=3071"}],"curies":[{"name":"wp","href":"https:\/\/api.w.org\/{rel}","templated":true}]}}