{"id":31,"date":"2025-01-06T03:46:34","date_gmt":"2025-01-06T03:46:34","guid":{"rendered":"https:\/\/leapro.com\/?page_id=31"},"modified":"2025-08-14T07:01:27","modified_gmt":"2025-08-14T07:01:27","slug":"bulk-send","status":"publish","type":"page","link":"https:\/\/leapro.com\/de\/bulk-send\/","title":{"rendered":"Massenversand"},"content":{"rendered":"<div data-elementor-type=\"wp-page\" data-elementor-id=\"31\" class=\"elementor elementor-31\" data-elementor-post-type=\"page\">\n\t\t\t\t\t\t<section class=\"elementor-section elementor-top-section elementor-element elementor-element-8e479dd elementor-section-stretched elementor-section-content-middle elementor-section-boxed elementor-section-height-default elementor-section-height-default\" data-id=\"8e479dd\" data-element_type=\"section\" data-e-type=\"section\" data-settings=\"{&quot;stretch_section&quot;:&quot;section-stretched&quot;,&quot;background_background&quot;:&quot;classic&quot;}\">\n\t\t\t\t\t\t<div class=\"elementor-container elementor-column-gap-no\">\n\t\t\t\t\t<div class=\"elementor-column elementor-col-100 elementor-top-column elementor-element elementor-element-52d6e17\" data-id=\"52d6e17\" data-element_type=\"column\" data-e-type=\"column\">\n\t\t\t<div class=\"elementor-widget-wrap elementor-element-populated\">\n\t\t\t\t\t\t<section class=\"elementor-section elementor-inner-section elementor-element elementor-element-a07eaef elementor-section-content-middle elementor-reverse-tablet elementor-reverse-mobile elementor-section-boxed elementor-section-height-default elementor-section-height-default\" data-id=\"a07eaef\" data-element_type=\"section\" data-e-type=\"section\" data-settings=\"{&quot;background_background&quot;:&quot;classic&quot;}\">\n\t\t\t\t\t\t<div class=\"elementor-container elementor-column-gap-wider\">\n\t\t\t\t\t<div class=\"elementor-column elementor-col-100 elementor-inner-column elementor-element elementor-element-ed4e9a3 elementor-invisible\" data-id=\"ed4e9a3\" data-element_type=\"column\" data-e-type=\"column\" data-settings=\"{&quot;animation&quot;:&quot;fadeInRight&quot;}\">\n\t\t\t<div class=\"elementor-widget-wrap elementor-element-populated\">\n\t\t\t\t\t\t<div class=\"elementor-element elementor-element-15ff08b elementor-widget elementor-widget-heading\" data-id=\"15ff08b\" data-element_type=\"widget\" data-e-type=\"widget\" data-widget_type=\"heading.default\">\n\t\t\t\t<div class=\"elementor-widget-container\">\n\t\t\t\t\t<h1 class=\"elementor-heading-title elementor-size-default\">Massenversand<\/h1>\t\t\t\t<\/div>\n\t\t\t\t<\/div>\n\t\t\t\t\t<\/div>\n\t\t<\/div>\n\t\t\t\t\t<\/div>\n\t\t<\/section>\n\t\t\t\t<div class=\"elementor-element elementor-element-6e2a0d2 elementor-widget elementor-widget-heading\" data-id=\"6e2a0d2\" data-element_type=\"widget\" data-e-type=\"widget\" data-widget_type=\"heading.default\">\n\t\t\t\t<div class=\"elementor-widget-container\">\n\t\t\t\t\t<h3 class=\"elementor-heading-title elementor-size-default\"><img decoding=\"async\" src=\"https:\/\/leapro.com\/wp-content\/uploads\/2025\/04\/Screenshot_2025_04_28-12.png\" style=\"vertical-align: middle;margin-right: 30px\">Leistungsmerkmale<\/h3>\t\t\t\t<\/div>\n\t\t\t\t<\/div>\n\t\t<div class=\"elementor-element elementor-element-bd2c5b8 e-flex e-con-boxed e-con e-parent\" data-id=\"bd2c5b8\" data-element_type=\"container\" data-e-type=\"container\">\n\t\t\t\t\t<div class=\"e-con-inner\">\n\t\t<div class=\"elementor-element elementor-element-70f3374 e-con-full e-flex e-con e-child\" data-id=\"70f3374\" data-element_type=\"container\" data-e-type=\"container\">\n\t\t\t\t<div class=\"elementor-element elementor-element-44cac91 elementor-widget elementor-widget-image\" data-id=\"44cac91\" data-element_type=\"widget\" data-e-type=\"widget\" data-widget_type=\"image.default\">\n\t\t\t\t<div class=\"elementor-widget-container\">\n\t\t\t\t\t\t\t\t\t\t\t\t\t\t\t<img decoding=\"async\" width=\"67\" height=\"55\" src=\"https:\/\/leapro.com\/wp-content\/uploads\/2025\/04\/Screenshot_2025_04_28-4.png\" class=\"attachment-large size-large wp-image-1545\" alt=\"\" \/>\t\t\t\t\t\t\t\t\t\t\t\t\t\t\t<\/div>\n\t\t\t\t<\/div>\n\t\t\t\t<div class=\"elementor-element elementor-element-3942601 elementor-widget elementor-widget-heading\" data-id=\"3942601\" data-element_type=\"widget\" data-e-type=\"widget\" data-widget_type=\"heading.default\">\n\t\t\t\t<div class=\"elementor-widget-container\">\n\t\t\t\t\t<p class=\"elementor-heading-title elementor-size-default\">F\u00fcr Online-Unternehmen, <br>die eine reibungslose <br>Logistikl\u00f6sung suchen.<\/p>\t\t\t\t<\/div>\n\t\t\t\t<\/div>\n\t\t\t\t<\/div>\n\t\t<div class=\"elementor-element elementor-element-7104ac1 e-con-full e-flex e-con e-child\" data-id=\"7104ac1\" data-element_type=\"container\" data-e-type=\"container\">\n\t\t\t\t<div class=\"elementor-element elementor-element-c067cd1 elementor-widget elementor-widget-image\" data-id=\"c067cd1\" data-element_type=\"widget\" data-e-type=\"widget\" data-widget_type=\"image.default\">\n\t\t\t\t<div class=\"elementor-widget-container\">\n\t\t\t\t\t\t\t\t\t\t\t\t\t\t\t<img fetchpriority=\"high\" decoding=\"async\" width=\"447\" height=\"299\" src=\"https:\/\/leapro.com\/wp-content\/uploads\/2025\/04\/logistic-image-1.png\" class=\"attachment-large size-large wp-image-1546\" alt=\"Organizing parcels\" srcset=\"https:\/\/leapro.com\/wp-content\/uploads\/2025\/04\/logistic-image-1.png 447w, https:\/\/leapro.com\/wp-content\/uploads\/2025\/04\/logistic-image-1-300x201.png 300w\" sizes=\"(max-width: 447px) 100vw, 447px\" \/>\t\t\t\t\t\t\t\t\t\t\t\t\t\t\t<\/div>\n\t\t\t\t<\/div>\n\t\t\t\t<\/div>\n\t\t\t\t\t<\/div>\n\t\t\t\t<\/div>\n\t\t<div class=\"elementor-element elementor-element-c44a3ce e-flex e-con-boxed e-con e-parent\" data-id=\"c44a3ce\" data-element_type=\"container\" data-e-type=\"container\">\n\t\t\t\t\t<div class=\"e-con-inner\">\n\t\t<div class=\"elementor-element elementor-element-bc1be37 e-con-full e-flex e-con e-child\" data-id=\"bc1be37\" data-element_type=\"container\" data-e-type=\"container\">\n\t\t\t\t<div class=\"elementor-element elementor-element-df1d2d4 elementor-widget elementor-widget-image\" data-id=\"df1d2d4\" data-element_type=\"widget\" data-e-type=\"widget\" data-widget_type=\"image.default\">\n\t\t\t\t<div class=\"elementor-widget-container\">\n\t\t\t\t\t\t\t\t\t\t\t\t\t\t\t<img decoding=\"async\" width=\"640\" height=\"456\" src=\"https:\/\/leapro.com\/wp-content\/uploads\/2025\/07\/carlos-muza-hpjSkU2UYSU-unsplash.jpg\" class=\"attachment-large size-large wp-image-2423\" alt=\"Laptop showing analytics\" srcset=\"https:\/\/leapro.com\/wp-content\/uploads\/2025\/07\/carlos-muza-hpjSkU2UYSU-unsplash.jpg 640w, https:\/\/leapro.com\/wp-content\/uploads\/2025\/07\/carlos-muza-hpjSkU2UYSU-unsplash-300x214.jpg 300w\" sizes=\"(max-width: 640px) 100vw, 640px\" \/>\t\t\t\t\t\t\t\t\t\t\t\t\t\t\t<\/div>\n\t\t\t\t<\/div>\n\t\t\t\t<\/div>\n\t\t<div class=\"elementor-element elementor-element-040c66c e-con-full e-flex e-con e-child\" data-id=\"040c66c\" data-element_type=\"container\" data-e-type=\"container\">\n\t\t\t\t<div class=\"elementor-element elementor-element-5b6c3f0 elementor-widget elementor-widget-image\" data-id=\"5b6c3f0\" data-element_type=\"widget\" data-e-type=\"widget\" data-widget_type=\"image.default\">\n\t\t\t\t<div class=\"elementor-widget-container\">\n\t\t\t\t\t\t\t\t\t\t\t\t\t\t\t<img loading=\"lazy\" decoding=\"async\" width=\"76\" height=\"57\" src=\"https:\/\/leapro.com\/wp-content\/uploads\/2025\/04\/number-2.png\" class=\"attachment-large size-large wp-image-1551\" alt=\"\" \/>\t\t\t\t\t\t\t\t\t\t\t\t\t\t\t<\/div>\n\t\t\t\t<\/div>\n\t\t\t\t<div class=\"elementor-element elementor-element-bc506bc elementor-widget elementor-widget-heading\" data-id=\"bc506bc\" data-element_type=\"widget\" data-e-type=\"widget\" data-widget_type=\"heading.default\">\n\t\t\t\t<div class=\"elementor-widget-container\">\n\t\t\t\t\t<p class=\"elementor-heading-title elementor-size-default\">Durch die Integration mit Ihrer E-Commerce-Plattform vereinfachen wir Ihre Logistik \u2013 mit Funktionen wie API-Anbindung, Echtzeit-Tracking, flexiblen Lieferfenstern und automatischen Zustellbenachrichtigungen \u2013 alles darauf ausgelegt, das Kundenerlebnis zu verbessern. <\/p>\t\t\t\t<\/div>\n\t\t\t\t<\/div>\n\t\t\t\t<\/div>\n\t\t\t\t\t<\/div>\n\t\t\t\t<\/div>\n\t\t\t\t<div class=\"elementor-element elementor-element-ce9da00 elementor-widget elementor-widget-heading\" data-id=\"ce9da00\" data-element_type=\"widget\" data-e-type=\"widget\" data-widget_type=\"heading.default\">\n\t\t\t\t<div class=\"elementor-widget-container\">\n\t\t\t\t\t<h3 class=\"elementor-heading-title elementor-size-default\"><img decoding=\"async\" src=\"https:\/\/leapro.com\/wp-content\/uploads\/2025\/04\/Screenshot_2025_04_28-12.png\" style=\"vertical-align: middle;margin-right: 30px\">Ideal f\u00fcr<\/h3>\t\t\t\t<\/div>\n\t\t\t\t<\/div>\n\t\t<div class=\"elementor-element elementor-element-cdc3f1d e-flex e-con-boxed e-con e-parent\" data-id=\"cdc3f1d\" data-element_type=\"container\" data-e-type=\"container\">\n\t\t\t\t\t<div class=\"e-con-inner\">\n\t\t<div class=\"elementor-element elementor-element-65fc38c e-con-full e-flex e-con e-child\" data-id=\"65fc38c\" data-element_type=\"container\" data-e-type=\"container\">\n\t\t\t\t<div class=\"elementor-element elementor-element-9dff8e6 elementor-widget elementor-widget-image\" data-id=\"9dff8e6\" data-element_type=\"widget\" data-e-type=\"widget\" data-widget_type=\"image.default\">\n\t\t\t\t<div class=\"elementor-widget-container\">\n\t\t\t\t\t\t\t\t\t\t\t\t\t\t\t<img loading=\"lazy\" decoding=\"async\" width=\"640\" height=\"480\" src=\"https:\/\/leapro.com\/wp-content\/uploads\/2025\/07\/korie-cull-IzIME1jwjCY-unsplash.jpg\" class=\"attachment-large size-large wp-image-2425\" alt=\"Clothing store\" srcset=\"https:\/\/leapro.com\/wp-content\/uploads\/2025\/07\/korie-cull-IzIME1jwjCY-unsplash.jpg 640w, https:\/\/leapro.com\/wp-content\/uploads\/2025\/07\/korie-cull-IzIME1jwjCY-unsplash-300x225.jpg 300w\" sizes=\"(max-width: 640px) 100vw, 640px\" \/>\t\t\t\t\t\t\t\t\t\t\t\t\t\t\t<\/div>\n\t\t\t\t<\/div>\n\t\t\t\t<div class=\"elementor-element elementor-element-ae1b20a elementor-widget elementor-widget-heading\" data-id=\"ae1b20a\" data-element_type=\"widget\" data-e-type=\"widget\" data-widget_type=\"heading.default\">\n\t\t\t\t<div class=\"elementor-widget-container\">\n\t\t\t\t\t<p class=\"elementor-heading-title elementor-size-default\">Lieferketten, Gro\u00dfh\u00e4ndler und Hersteller, die gro\u00dfe Paketmengen versenden m\u00fcssen, ohne bei der Liefergeschwindigkeit Kompromisse einzugehen.<\/p>\t\t\t\t<\/div>\n\t\t\t\t<\/div>\n\t\t\t\t<\/div>\n\t\t<div class=\"elementor-element elementor-element-d3a4adc e-con-full e-flex e-con e-child\" data-id=\"d3a4adc\" data-element_type=\"container\" data-e-type=\"container\">\n\t\t\t\t<\/div>\n\t\t\t\t\t<\/div>\n\t\t\t\t<\/div>\n\t\t<div class=\"elementor-element elementor-element-eb17b72 e-flex e-con-boxed e-con e-parent\" data-id=\"eb17b72\" data-element_type=\"container\" data-e-type=\"container\">\n\t\t\t\t\t<div class=\"e-con-inner\">\n\t\t<div class=\"elementor-element elementor-element-e5e14db e-con-full e-flex e-con e-child\" data-id=\"e5e14db\" data-element_type=\"container\" data-e-type=\"container\">\n\t\t\t\t<div class=\"elementor-element elementor-element-4e90ee8 elementor-widget elementor-widget-heading\" data-id=\"4e90ee8\" data-element_type=\"widget\" data-e-type=\"widget\" data-widget_type=\"heading.default\">\n\t\t\t\t<div class=\"elementor-widget-container\">\n\t\t\t\t\t<p class=\"elementor-heading-title elementor-size-default\">M\u00f6chten Sie mehr \u00fcber unsere Services erfahren?<\/p>\t\t\t\t<\/div>\n\t\t\t\t<\/div>\n\t\t\t\t<div class=\"elementor-element elementor-element-1d98976 elementor-align-center elementor-widget elementor-widget-button\" data-id=\"1d98976\" data-element_type=\"widget\" data-e-type=\"widget\" aria-label=\"Kontaktieren Sie uns\" data-widget_type=\"button.default\">\n\t\t\t\t<div class=\"elementor-widget-container\">\n\t\t\t\t\t\t\t\t\t<div class=\"elementor-button-wrapper\">\n\t\t\t\t\t<a class=\"elementor-button elementor-button-link elementor-size-sm\" href=\"\/de\/contact-us\/\">\n\t\t\t\t\t\t<span class=\"elementor-button-content-wrapper\">\n\t\t\t\t\t\t\t\t\t<span class=\"elementor-button-text\">Kontaktieren Sie uns<\/span>\n\t\t\t\t\t<\/span>\n\t\t\t\t\t<\/a>\n\t\t\t\t<\/div>\n\t\t\t\t\t\t\t\t<\/div>\n\t\t\t\t<\/div>\n\t\t\t\t<\/div>\n\t\t\t\t\t<\/div>\n\t\t\t\t<\/div>\n\t\t\t\t\t<\/div>\n\t\t<\/div>\n\t\t\t\t\t<\/div>\n\t\t<\/section>\n\t\t\t\t<\/div>","protected":false},"excerpt":{"rendered":"<p>Bulk Send Features For online businesses seeking a seamless logistics solution. By integrating with your e-commerce platform, we help simplify your logistics with features like API integration, real-time tracking, flexible delivery windows, and automated delivery updates, all designed to enhance customer experience. Ideal For Supply chain operations, wholesalers, and manufacturers needing to send large volumes [&hellip;]<\/p>\n","protected":false},"author":1,"featured_media":0,"parent":0,"menu_order":0,"comment_status":"closed","ping_status":"closed","template":"","meta":{"footnotes":""},"class_list":["post-31","page","type-page","status-publish","hentry"],"yoast_head":"<!-- This site is optimized with the Yoast SEO plugin v27.4 - https:\/\/yoast.com\/product\/yoast-seo-wordpress\/ -->\n<title>Bulk Send - Leapro<\/title>\n<meta name=\"robots\" content=\"index, follow, max-snippet:-1, max-image-preview:large, max-video-preview:-1\" \/>\n<link rel=\"canonical\" href=\"https:\/\/leapro.com\/de\/bulk-send\/\" \/>\n<meta property=\"og:locale\" content=\"de_DE\" \/>\n<meta property=\"og:type\" content=\"article\" \/>\n<meta property=\"og:title\" content=\"Bulk Send - Leapro\" \/>\n<meta property=\"og:description\" content=\"Bulk Send Features For online businesses seeking a seamless logistics solution. By integrating with your e-commerce platform, we help simplify your logistics with features like API integration, real-time tracking, flexible delivery windows, and automated delivery updates, all designed to enhance customer experience. Ideal For Supply chain operations, wholesalers, and manufacturers needing to send large volumes [&hellip;]\" \/>\n<meta property=\"og:url\" content=\"https:\/\/leapro.com\/de\/bulk-send\/\" \/>\n<meta property=\"og:site_name\" content=\"Leapro\" \/>\n<meta property=\"article:modified_time\" content=\"2025-08-14T07:01:27+00:00\" \/>\n<meta property=\"og:image\" content=\"https:\/\/leapro.com\/wp-content\/uploads\/2025\/04\/Screenshot_2025_04_28-12.png\" \/>\n<meta name=\"twitter:card\" content=\"summary_large_image\" \/>\n<meta name=\"twitter:label1\" content=\"Gesch\u00e4tzte Lesezeit\" \/>\n\t<meta name=\"twitter:data1\" content=\"2\u00a0Minuten\" \/>\n<script type=\"application\/ld+json\" class=\"yoast-schema-graph\">{\"@context\":\"https:\\\/\\\/schema.org\",\"@graph\":[{\"@type\":\"WebPage\",\"@id\":\"https:\\\/\\\/leapro.com\\\/bulk-send\\\/\",\"url\":\"https:\\\/\\\/leapro.com\\\/bulk-send\\\/\",\"name\":\"Bulk Send - Leapro\",\"isPartOf\":{\"@id\":\"https:\\\/\\\/leapro.com\\\/#website\"},\"primaryImageOfPage\":{\"@id\":\"https:\\\/\\\/leapro.com\\\/bulk-send\\\/#primaryimage\"},\"image\":{\"@id\":\"https:\\\/\\\/leapro.com\\\/bulk-send\\\/#primaryimage\"},\"thumbnailUrl\":\"https:\\\/\\\/leapro.com\\\/wp-content\\\/uploads\\\/2025\\\/04\\\/Screenshot_2025_04_28-12.png\",\"datePublished\":\"2025-01-06T03:46:34+00:00\",\"dateModified\":\"2025-08-14T07:01:27+00:00\",\"breadcrumb\":{\"@id\":\"https:\\\/\\\/leapro.com\\\/bulk-send\\\/#breadcrumb\"},\"inLanguage\":\"de\",\"potentialAction\":[{\"@type\":\"ReadAction\",\"target\":[\"https:\\\/\\\/leapro.com\\\/bulk-send\\\/\"]}]},{\"@type\":\"ImageObject\",\"inLanguage\":\"de\",\"@id\":\"https:\\\/\\\/leapro.com\\\/bulk-send\\\/#primaryimage\",\"url\":\"https:\\\/\\\/leapro.com\\\/wp-content\\\/uploads\\\/2025\\\/04\\\/Screenshot_2025_04_28-12.png\",\"contentUrl\":\"https:\\\/\\\/leapro.com\\\/wp-content\\\/uploads\\\/2025\\\/04\\\/Screenshot_2025_04_28-12.png\"},{\"@type\":\"BreadcrumbList\",\"@id\":\"https:\\\/\\\/leapro.com\\\/bulk-send\\\/#breadcrumb\",\"itemListElement\":[{\"@type\":\"ListItem\",\"position\":1,\"name\":\"Home\",\"item\":\"https:\\\/\\\/leapro.com\\\/\"},{\"@type\":\"ListItem\",\"position\":2,\"name\":\"Bulk Send\"}]},{\"@type\":\"WebSite\",\"@id\":\"https:\\\/\\\/leapro.com\\\/#website\",\"url\":\"https:\\\/\\\/leapro.com\\\/\",\"name\":\"Leapro\",\"description\":\"Smarter deliveries \ud83d\udce6: Last mile efficient solutions.\",\"potentialAction\":[{\"@type\":\"SearchAction\",\"target\":{\"@type\":\"EntryPoint\",\"urlTemplate\":\"https:\\\/\\\/leapro.com\\\/?s={search_term_string}\"},\"query-input\":{\"@type\":\"PropertyValueSpecification\",\"valueRequired\":true,\"valueName\":\"search_term_string\"}}],\"inLanguage\":\"de\"}]}<\/script>\n<!-- \/ Yoast SEO plugin. -->","yoast_head_json":{"title":"Bulk Send - Leapro","robots":{"index":"index","follow":"follow","max-snippet":"max-snippet:-1","max-image-preview":"max-image-preview:large","max-video-preview":"max-video-preview:-1"},"canonical":"https:\/\/leapro.com\/de\/bulk-send\/","og_locale":"de_DE","og_type":"article","og_title":"Bulk Send - Leapro","og_description":"Bulk Send Features For online businesses seeking a seamless logistics solution. By integrating with your e-commerce platform, we help simplify your logistics with features like API integration, real-time tracking, flexible delivery windows, and automated delivery updates, all designed to enhance customer experience. Ideal For Supply chain operations, wholesalers, and manufacturers needing to send large volumes [&hellip;]","og_url":"https:\/\/leapro.com\/de\/bulk-send\/","og_site_name":"Leapro","article_modified_time":"2025-08-14T07:01:27+00:00","og_image":[{"url":"https:\/\/leapro.com\/wp-content\/uploads\/2025\/04\/Screenshot_2025_04_28-12.png","type":"","width":"","height":""}],"twitter_card":"summary_large_image","twitter_misc":{"Gesch\u00e4tzte Lesezeit":"2\u00a0Minuten"},"schema":{"@context":"https:\/\/schema.org","@graph":[{"@type":"WebPage","@id":"https:\/\/leapro.com\/bulk-send\/","url":"https:\/\/leapro.com\/bulk-send\/","name":"Bulk Send - Leapro","isPartOf":{"@id":"https:\/\/leapro.com\/#website"},"primaryImageOfPage":{"@id":"https:\/\/leapro.com\/bulk-send\/#primaryimage"},"image":{"@id":"https:\/\/leapro.com\/bulk-send\/#primaryimage"},"thumbnailUrl":"https:\/\/leapro.com\/wp-content\/uploads\/2025\/04\/Screenshot_2025_04_28-12.png","datePublished":"2025-01-06T03:46:34+00:00","dateModified":"2025-08-14T07:01:27+00:00","breadcrumb":{"@id":"https:\/\/leapro.com\/bulk-send\/#breadcrumb"},"inLanguage":"de","potentialAction":[{"@type":"ReadAction","target":["https:\/\/leapro.com\/bulk-send\/"]}]},{"@type":"ImageObject","inLanguage":"de","@id":"https:\/\/leapro.com\/bulk-send\/#primaryimage","url":"https:\/\/leapro.com\/wp-content\/uploads\/2025\/04\/Screenshot_2025_04_28-12.png","contentUrl":"https:\/\/leapro.com\/wp-content\/uploads\/2025\/04\/Screenshot_2025_04_28-12.png"},{"@type":"BreadcrumbList","@id":"https:\/\/leapro.com\/bulk-send\/#breadcrumb","itemListElement":[{"@type":"ListItem","position":1,"name":"Home","item":"https:\/\/leapro.com\/"},{"@type":"ListItem","position":2,"name":"Bulk Send"}]},{"@type":"WebSite","@id":"https:\/\/leapro.com\/#website","url":"https:\/\/leapro.com\/","name":"Leapro","description":"Smarter deliveries \ud83d\udce6: Last mile efficient solutions.","potentialAction":[{"@type":"SearchAction","target":{"@type":"EntryPoint","urlTemplate":"https:\/\/leapro.com\/?s={search_term_string}"},"query-input":{"@type":"PropertyValueSpecification","valueRequired":true,"valueName":"search_term_string"}}],"inLanguage":"de"}]}},"_links":{"self":[{"href":"https:\/\/leapro.com\/de\/wp-json\/wp\/v2\/pages\/31","targetHints":{"allow":["GET"]}}],"collection":[{"href":"https:\/\/leapro.com\/de\/wp-json\/wp\/v2\/pages"}],"about":[{"href":"https:\/\/leapro.com\/de\/wp-json\/wp\/v2\/types\/page"}],"author":[{"embeddable":true,"href":"https:\/\/leapro.com\/de\/wp-json\/wp\/v2\/users\/1"}],"replies":[{"embeddable":true,"href":"https:\/\/leapro.com\/de\/wp-json\/wp\/v2\/comments?post=31"}],"version-history":[{"count":5,"href":"https:\/\/leapro.com\/de\/wp-json\/wp\/v2\/pages\/31\/revisions"}],"predecessor-version":[{"id":2867,"href":"https:\/\/leapro.com\/de\/wp-json\/wp\/v2\/pages\/31\/revisions\/2867"}],"wp:attachment":[{"href":"https:\/\/leapro.com\/de\/wp-json\/wp\/v2\/media?parent=31"}],"curies":[{"name":"wp","href":"https:\/\/api.w.org\/{rel}","templated":true}]}}