{"id":40,"date":"2025-01-06T03:49:47","date_gmt":"2025-01-06T03:49:47","guid":{"rendered":"https:\/\/leapro.com\/?page_id=40"},"modified":"2025-08-14T07:07:17","modified_gmt":"2025-08-14T07:07:17","slug":"other-solutions","status":"publish","type":"page","link":"https:\/\/leapro.com\/de\/other-solutions\/","title":{"rendered":"Weitere L\u00f6sungen"},"content":{"rendered":"<div data-elementor-type=\"wp-page\" data-elementor-id=\"40\" class=\"elementor elementor-40\" data-elementor-post-type=\"page\">\n\t\t\t\t\t\t<section class=\"elementor-section elementor-top-section elementor-element elementor-element-5183931 elementor-section-stretched elementor-section-content-middle elementor-section-boxed elementor-section-height-default elementor-section-height-default\" data-id=\"5183931\" data-element_type=\"section\" data-e-type=\"section\" data-settings=\"{&quot;stretch_section&quot;:&quot;section-stretched&quot;,&quot;background_background&quot;:&quot;classic&quot;}\">\n\t\t\t\t\t\t<div class=\"elementor-container elementor-column-gap-no\">\n\t\t\t\t\t<div class=\"elementor-column elementor-col-100 elementor-top-column elementor-element elementor-element-9ca97b8\" data-id=\"9ca97b8\" data-element_type=\"column\" data-e-type=\"column\">\n\t\t\t<div class=\"elementor-widget-wrap elementor-element-populated\">\n\t\t\t\t\t\t<section class=\"elementor-section elementor-inner-section elementor-element elementor-element-1082f9b elementor-section-content-middle elementor-reverse-tablet elementor-reverse-mobile elementor-section-boxed elementor-section-height-default elementor-section-height-default\" data-id=\"1082f9b\" data-element_type=\"section\" data-e-type=\"section\" data-settings=\"{&quot;background_background&quot;:&quot;classic&quot;}\">\n\t\t\t\t\t\t<div class=\"elementor-container elementor-column-gap-wider\">\n\t\t\t\t\t<div class=\"elementor-column elementor-col-100 elementor-inner-column elementor-element elementor-element-a6115c5 elementor-invisible\" data-id=\"a6115c5\" data-element_type=\"column\" data-e-type=\"column\" data-settings=\"{&quot;animation&quot;:&quot;fadeInRight&quot;}\">\n\t\t\t<div class=\"elementor-widget-wrap elementor-element-populated\">\n\t\t\t\t\t\t<div class=\"elementor-element elementor-element-2eaa993 elementor-widget elementor-widget-heading\" data-id=\"2eaa993\" data-element_type=\"widget\" data-e-type=\"widget\" data-widget_type=\"heading.default\">\n\t\t\t\t<div class=\"elementor-widget-container\">\n\t\t\t\t\t<h1 class=\"elementor-heading-title elementor-size-default\">Weitere L\u00f6sungen<\/h1>\t\t\t\t<\/div>\n\t\t\t\t<\/div>\n\t\t\t\t\t<\/div>\n\t\t<\/div>\n\t\t\t\t\t<\/div>\n\t\t<\/section>\n\t\t\t\t<div class=\"elementor-element elementor-element-2e33a14 elementor-widget elementor-widget-heading\" data-id=\"2e33a14\" data-element_type=\"widget\" data-e-type=\"widget\" data-widget_type=\"heading.default\">\n\t\t\t\t<div class=\"elementor-widget-container\">\n\t\t\t\t\t<h3 class=\"elementor-heading-title elementor-size-default\"><img decoding=\"async\" src=\"https:\/\/leapro.com\/wp-content\/uploads\/2025\/04\/Screenshot_2025_04_28-12.png\" style=\"vertical-align: middle;margin-right: 30px\">Leistungsmerkmale<\/h3>\t\t\t\t<\/div>\n\t\t\t\t<\/div>\n\t\t<div class=\"elementor-element elementor-element-a716854 e-flex e-con-boxed e-con e-parent\" data-id=\"a716854\" data-element_type=\"container\" data-e-type=\"container\">\n\t\t\t\t\t<div class=\"e-con-inner\">\n\t\t<div class=\"elementor-element elementor-element-2b39434 e-con-full e-flex e-con e-child\" data-id=\"2b39434\" data-element_type=\"container\" data-e-type=\"container\">\n\t\t\t\t<div class=\"elementor-element elementor-element-3243b37 elementor-widget elementor-widget-image\" data-id=\"3243b37\" data-element_type=\"widget\" data-e-type=\"widget\" data-widget_type=\"image.default\">\n\t\t\t\t<div class=\"elementor-widget-container\">\n\t\t\t\t\t\t\t\t\t\t\t\t\t\t\t<img decoding=\"async\" width=\"67\" height=\"55\" src=\"https:\/\/leapro.com\/wp-content\/uploads\/2025\/04\/Screenshot_2025_04_28-4.png\" class=\"attachment-large size-large wp-image-1545\" alt=\"\" \/>\t\t\t\t\t\t\t\t\t\t\t\t\t\t\t<\/div>\n\t\t\t\t<\/div>\n\t\t\t\t<div class=\"elementor-element elementor-element-0038f83 elementor-widget elementor-widget-heading\" data-id=\"0038f83\" data-element_type=\"widget\" data-e-type=\"widget\" data-widget_type=\"heading.default\">\n\t\t\t\t<div class=\"elementor-widget-container\">\n\t\t\t\t\t<p class=\"elementor-heading-title elementor-size-default\">Neben unseren Kernservices bietet <br>Leapro auch ma\u00dfgeschneiderte <br>Logistikl\u00f6sungen, um <br>spezifische Gesch\u00e4ftsanforderungen zu erf\u00fcllen. <\/p>\t\t\t\t<\/div>\n\t\t\t\t<\/div>\n\t\t\t\t<\/div>\n\t\t<div class=\"elementor-element elementor-element-1f7e665 e-con-full e-flex e-con e-child\" data-id=\"1f7e665\" data-element_type=\"container\" data-e-type=\"container\">\n\t\t\t\t<div class=\"elementor-element elementor-element-56f49e9 elementor-widget elementor-widget-image\" data-id=\"56f49e9\" data-element_type=\"widget\" data-e-type=\"widget\" data-widget_type=\"image.default\">\n\t\t\t\t<div class=\"elementor-widget-container\">\n\t\t\t\t\t\t\t\t\t\t\t\t\t\t\t<img fetchpriority=\"high\" decoding=\"async\" width=\"447\" height=\"299\" src=\"https:\/\/leapro.com\/wp-content\/uploads\/2025\/04\/logistic-image-1.png\" class=\"attachment-large size-large wp-image-1546\" alt=\"Organizing parcels\" srcset=\"https:\/\/leapro.com\/wp-content\/uploads\/2025\/04\/logistic-image-1.png 447w, https:\/\/leapro.com\/wp-content\/uploads\/2025\/04\/logistic-image-1-300x201.png 300w\" sizes=\"(max-width: 447px) 100vw, 447px\" \/>\t\t\t\t\t\t\t\t\t\t\t\t\t\t\t<\/div>\n\t\t\t\t<\/div>\n\t\t\t\t<\/div>\n\t\t\t\t\t<\/div>\n\t\t\t\t<\/div>\n\t\t<div class=\"elementor-element elementor-element-208fb2d e-flex e-con-boxed e-con e-parent\" data-id=\"208fb2d\" data-element_type=\"container\" data-e-type=\"container\">\n\t\t\t\t\t<div class=\"e-con-inner\">\n\t\t<div class=\"elementor-element elementor-element-b38f1d8 e-con-full e-flex e-con e-child\" data-id=\"b38f1d8\" data-element_type=\"container\" data-e-type=\"container\">\n\t\t\t\t<div class=\"elementor-element elementor-element-85055c2 elementor-widget elementor-widget-image\" data-id=\"85055c2\" data-element_type=\"widget\" data-e-type=\"widget\" data-widget_type=\"image.default\">\n\t\t\t\t<div class=\"elementor-widget-container\">\n\t\t\t\t\t\t\t\t\t\t\t\t\t\t\t<img decoding=\"async\" width=\"647\" height=\"429\" src=\"https:\/\/leapro.com\/wp-content\/uploads\/2025\/04\/Screenshot_2025_04_08-11.png\" class=\"attachment-large size-large wp-image-956\" alt=\"Two delivery guys holding a box\" srcset=\"https:\/\/leapro.com\/wp-content\/uploads\/2025\/04\/Screenshot_2025_04_08-11.png 647w, https:\/\/leapro.com\/wp-content\/uploads\/2025\/04\/Screenshot_2025_04_08-11-300x199.png 300w\" sizes=\"(max-width: 647px) 100vw, 647px\" \/>\t\t\t\t\t\t\t\t\t\t\t\t\t\t\t<\/div>\n\t\t\t\t<\/div>\n\t\t\t\t<\/div>\n\t\t<div class=\"elementor-element elementor-element-f74c718 e-con-full e-flex e-con e-child\" data-id=\"f74c718\" data-element_type=\"container\" data-e-type=\"container\">\n\t\t\t\t<div class=\"elementor-element elementor-element-266f66a elementor-widget elementor-widget-image\" data-id=\"266f66a\" data-element_type=\"widget\" data-e-type=\"widget\" data-widget_type=\"image.default\">\n\t\t\t\t<div class=\"elementor-widget-container\">\n\t\t\t\t\t\t\t\t\t\t\t\t\t\t\t<img loading=\"lazy\" decoding=\"async\" width=\"76\" height=\"57\" src=\"https:\/\/leapro.com\/wp-content\/uploads\/2025\/04\/number-2.png\" class=\"attachment-large size-large wp-image-1551\" alt=\"\" \/>\t\t\t\t\t\t\t\t\t\t\t\t\t\t\t<\/div>\n\t\t\t\t<\/div>\n\t\t\t\t<div class=\"elementor-element elementor-element-b18b66c elementor-widget elementor-widget-heading\" data-id=\"b18b66c\" data-element_type=\"widget\" data-e-type=\"widget\" data-widget_type=\"heading.default\">\n\t\t\t\t<div class=\"elementor-widget-container\">\n\t\t\t\t\t<p class=\"elementor-heading-title elementor-size-default\">Von speziellen Verpackungsanforderungen bis hin zu individuell abgestimmten Lieferpl\u00e4nen \u2013 wir arbeiten mit Ihnen zusammen, um flexible und skalierbare L\u00f6sungen f\u00fcr all Ihre Versandanforderungen bereitzustellen.<\/p>\t\t\t\t<\/div>\n\t\t\t\t<\/div>\n\t\t\t\t<\/div>\n\t\t\t\t\t<\/div>\n\t\t\t\t<\/div>\n\t\t\t\t<div class=\"elementor-element elementor-element-81a9963 elementor-widget elementor-widget-heading\" data-id=\"81a9963\" data-element_type=\"widget\" data-e-type=\"widget\" data-widget_type=\"heading.default\">\n\t\t\t\t<div class=\"elementor-widget-container\">\n\t\t\t\t\t<h3 class=\"elementor-heading-title elementor-size-default\"><img decoding=\"async\" src=\"https:\/\/leapro.com\/wp-content\/uploads\/2025\/04\/Screenshot_2025_04_28-12.png\" style=\"vertical-align: middle;margin-right: 30px\">Ideal f\u00fcr<\/h3>\t\t\t\t<\/div>\n\t\t\t\t<\/div>\n\t\t<div class=\"elementor-element elementor-element-6312f85 e-flex e-con-boxed e-con e-parent\" data-id=\"6312f85\" data-element_type=\"container\" data-e-type=\"container\">\n\t\t\t\t\t<div class=\"e-con-inner\">\n\t\t<div class=\"elementor-element elementor-element-2c7fe59 e-con-full e-flex e-con e-child\" data-id=\"2c7fe59\" data-element_type=\"container\" data-e-type=\"container\">\n\t\t\t\t<div class=\"elementor-element elementor-element-e7b091b elementor-widget elementor-widget-image\" data-id=\"e7b091b\" data-element_type=\"widget\" data-e-type=\"widget\" data-widget_type=\"image.default\">\n\t\t\t\t<div class=\"elementor-widget-container\">\n\t\t\t\t\t\t\t\t\t\t\t\t\t\t\t<img loading=\"lazy\" decoding=\"async\" width=\"640\" height=\"427\" src=\"https:\/\/leapro.com\/wp-content\/uploads\/2025\/04\/nellie-adamyan-EJNR0CJMaU8-unsplash.jpg\" class=\"attachment-large size-large wp-image-1588\" alt=\"Market\" srcset=\"https:\/\/leapro.com\/wp-content\/uploads\/2025\/04\/nellie-adamyan-EJNR0CJMaU8-unsplash.jpg 640w, https:\/\/leapro.com\/wp-content\/uploads\/2025\/04\/nellie-adamyan-EJNR0CJMaU8-unsplash-300x200.jpg 300w\" sizes=\"(max-width: 640px) 100vw, 640px\" \/>\t\t\t\t\t\t\t\t\t\t\t\t\t\t\t<\/div>\n\t\t\t\t<\/div>\n\t\t\t\t<div class=\"elementor-element elementor-element-c88a4f2 elementor-widget elementor-widget-heading\" data-id=\"c88a4f2\" data-element_type=\"widget\" data-e-type=\"widget\" data-widget_type=\"heading.default\">\n\t\t\t\t<div class=\"elementor-widget-container\">\n\t\t\t\t\t<p class=\"elementor-heading-title elementor-size-default\">Unternehmen, die ma\u00dfgeschneiderte L\u00f6sungen suchen, die zu ihren operativen Zielen passen.<\/p>\t\t\t\t<\/div>\n\t\t\t\t<\/div>\n\t\t\t\t<\/div>\n\t\t<div class=\"elementor-element elementor-element-7416ecb e-con-full e-flex e-con e-child\" data-id=\"7416ecb\" data-element_type=\"container\" data-e-type=\"container\">\n\t\t\t\t<\/div>\n\t\t\t\t\t<\/div>\n\t\t\t\t<\/div>\n\t\t<div class=\"elementor-element elementor-element-3795909 e-flex e-con-boxed e-con e-parent\" data-id=\"3795909\" data-element_type=\"container\" data-e-type=\"container\">\n\t\t\t\t\t<div class=\"e-con-inner\">\n\t\t<div class=\"elementor-element elementor-element-0652476 e-con-full e-flex e-con e-child\" data-id=\"0652476\" data-element_type=\"container\" data-e-type=\"container\">\n\t\t\t\t<div class=\"elementor-element elementor-element-11fb4a4 elementor-widget elementor-widget-heading\" data-id=\"11fb4a4\" data-element_type=\"widget\" data-e-type=\"widget\" data-widget_type=\"heading.default\">\n\t\t\t\t<div class=\"elementor-widget-container\">\n\t\t\t\t\t<p class=\"elementor-heading-title elementor-size-default\">M\u00f6chten Sie mehr \u00fcber unsere Services erfahren?<\/p>\t\t\t\t<\/div>\n\t\t\t\t<\/div>\n\t\t\t\t<div class=\"elementor-element elementor-element-1736580 elementor-align-center elementor-widget elementor-widget-button\" data-id=\"1736580\" data-element_type=\"widget\" data-e-type=\"widget\" aria-label=\"Kontaktieren Sie uns\" data-widget_type=\"button.default\">\n\t\t\t\t<div class=\"elementor-widget-container\">\n\t\t\t\t\t\t\t\t\t<div class=\"elementor-button-wrapper\">\n\t\t\t\t\t<a class=\"elementor-button elementor-button-link elementor-size-sm\" href=\"\/de\/contact-us\/\">\n\t\t\t\t\t\t<span class=\"elementor-button-content-wrapper\">\n\t\t\t\t\t\t\t\t\t<span class=\"elementor-button-text\">Kontaktieren Sie uns<\/span>\n\t\t\t\t\t<\/span>\n\t\t\t\t\t<\/a>\n\t\t\t\t<\/div>\n\t\t\t\t\t\t\t\t<\/div>\n\t\t\t\t<\/div>\n\t\t\t\t<\/div>\n\t\t\t\t\t<\/div>\n\t\t\t\t<\/div>\n\t\t\t\t\t<\/div>\n\t\t<\/div>\n\t\t\t\t\t<\/div>\n\t\t<\/section>\n\t\t\t\t<\/div>","protected":false},"excerpt":{"rendered":"<p>Other Solutions Features In addition to our core services, Leapro also offers customized logistics solutions to meet specific business needs. From specialized packaging requirements to tailored delivery schedules, we work with you to provide flexible, scalable solutions for all your shipping requirements. Ideal For Companies looking for customized solutions that align with their operational goals. [&hellip;]<\/p>\n","protected":false},"author":1,"featured_media":0,"parent":0,"menu_order":0,"comment_status":"closed","ping_status":"closed","template":"","meta":{"footnotes":""},"class_list":["post-40","page","type-page","status-publish","hentry"],"yoast_head":"<!-- This site is optimized with the Yoast SEO plugin v27.4 - https:\/\/yoast.com\/product\/yoast-seo-wordpress\/ -->\n<title>Other Solutions - Leapro<\/title>\n<meta name=\"robots\" content=\"index, follow, max-snippet:-1, max-image-preview:large, max-video-preview:-1\" \/>\n<link rel=\"canonical\" href=\"https:\/\/leapro.com\/de\/other-solutions\/\" \/>\n<meta property=\"og:locale\" content=\"de_DE\" \/>\n<meta property=\"og:type\" content=\"article\" \/>\n<meta property=\"og:title\" content=\"Other Solutions - Leapro\" \/>\n<meta property=\"og:description\" content=\"Other Solutions Features In addition to our core services, Leapro also offers customized logistics solutions to meet specific business needs. From specialized packaging requirements to tailored delivery schedules, we work with you to provide flexible, scalable solutions for all your shipping requirements. Ideal For Companies looking for customized solutions that align with their operational goals. [&hellip;]\" \/>\n<meta property=\"og:url\" content=\"https:\/\/leapro.com\/de\/other-solutions\/\" \/>\n<meta property=\"og:site_name\" content=\"Leapro\" \/>\n<meta property=\"article:modified_time\" content=\"2025-08-14T07:07:17+00:00\" \/>\n<meta property=\"og:image\" content=\"https:\/\/leapro.com\/wp-content\/uploads\/2025\/04\/Screenshot_2025_04_28-12.png\" \/>\n<meta name=\"twitter:card\" content=\"summary_large_image\" \/>\n<meta name=\"twitter:label1\" content=\"Gesch\u00e4tzte Lesezeit\" \/>\n\t<meta name=\"twitter:data1\" content=\"2\u00a0Minuten\" \/>\n<script type=\"application\/ld+json\" class=\"yoast-schema-graph\">{\"@context\":\"https:\\\/\\\/schema.org\",\"@graph\":[{\"@type\":\"WebPage\",\"@id\":\"https:\\\/\\\/leapro.com\\\/other-solutions\\\/\",\"url\":\"https:\\\/\\\/leapro.com\\\/other-solutions\\\/\",\"name\":\"Other Solutions - Leapro\",\"isPartOf\":{\"@id\":\"https:\\\/\\\/leapro.com\\\/#website\"},\"primaryImageOfPage\":{\"@id\":\"https:\\\/\\\/leapro.com\\\/other-solutions\\\/#primaryimage\"},\"image\":{\"@id\":\"https:\\\/\\\/leapro.com\\\/other-solutions\\\/#primaryimage\"},\"thumbnailUrl\":\"https:\\\/\\\/leapro.com\\\/wp-content\\\/uploads\\\/2025\\\/04\\\/Screenshot_2025_04_28-12.png\",\"datePublished\":\"2025-01-06T03:49:47+00:00\",\"dateModified\":\"2025-08-14T07:07:17+00:00\",\"breadcrumb\":{\"@id\":\"https:\\\/\\\/leapro.com\\\/other-solutions\\\/#breadcrumb\"},\"inLanguage\":\"de\",\"potentialAction\":[{\"@type\":\"ReadAction\",\"target\":[\"https:\\\/\\\/leapro.com\\\/other-solutions\\\/\"]}]},{\"@type\":\"ImageObject\",\"inLanguage\":\"de\",\"@id\":\"https:\\\/\\\/leapro.com\\\/other-solutions\\\/#primaryimage\",\"url\":\"https:\\\/\\\/leapro.com\\\/wp-content\\\/uploads\\\/2025\\\/04\\\/Screenshot_2025_04_28-12.png\",\"contentUrl\":\"https:\\\/\\\/leapro.com\\\/wp-content\\\/uploads\\\/2025\\\/04\\\/Screenshot_2025_04_28-12.png\"},{\"@type\":\"BreadcrumbList\",\"@id\":\"https:\\\/\\\/leapro.com\\\/other-solutions\\\/#breadcrumb\",\"itemListElement\":[{\"@type\":\"ListItem\",\"position\":1,\"name\":\"Home\",\"item\":\"https:\\\/\\\/leapro.com\\\/\"},{\"@type\":\"ListItem\",\"position\":2,\"name\":\"Other Solutions\"}]},{\"@type\":\"WebSite\",\"@id\":\"https:\\\/\\\/leapro.com\\\/#website\",\"url\":\"https:\\\/\\\/leapro.com\\\/\",\"name\":\"Leapro\",\"description\":\"Smarter deliveries \ud83d\udce6: Last mile efficient solutions.\",\"potentialAction\":[{\"@type\":\"SearchAction\",\"target\":{\"@type\":\"EntryPoint\",\"urlTemplate\":\"https:\\\/\\\/leapro.com\\\/?s={search_term_string}\"},\"query-input\":{\"@type\":\"PropertyValueSpecification\",\"valueRequired\":true,\"valueName\":\"search_term_string\"}}],\"inLanguage\":\"de\"}]}<\/script>\n<!-- \/ Yoast SEO plugin. -->","yoast_head_json":{"title":"Other Solutions - Leapro","robots":{"index":"index","follow":"follow","max-snippet":"max-snippet:-1","max-image-preview":"max-image-preview:large","max-video-preview":"max-video-preview:-1"},"canonical":"https:\/\/leapro.com\/de\/other-solutions\/","og_locale":"de_DE","og_type":"article","og_title":"Other Solutions - Leapro","og_description":"Other Solutions Features In addition to our core services, Leapro also offers customized logistics solutions to meet specific business needs. From specialized packaging requirements to tailored delivery schedules, we work with you to provide flexible, scalable solutions for all your shipping requirements. Ideal For Companies looking for customized solutions that align with their operational goals. [&hellip;]","og_url":"https:\/\/leapro.com\/de\/other-solutions\/","og_site_name":"Leapro","article_modified_time":"2025-08-14T07:07:17+00:00","og_image":[{"url":"https:\/\/leapro.com\/wp-content\/uploads\/2025\/04\/Screenshot_2025_04_28-12.png","type":"","width":"","height":""}],"twitter_card":"summary_large_image","twitter_misc":{"Gesch\u00e4tzte Lesezeit":"2\u00a0Minuten"},"schema":{"@context":"https:\/\/schema.org","@graph":[{"@type":"WebPage","@id":"https:\/\/leapro.com\/other-solutions\/","url":"https:\/\/leapro.com\/other-solutions\/","name":"Other Solutions - Leapro","isPartOf":{"@id":"https:\/\/leapro.com\/#website"},"primaryImageOfPage":{"@id":"https:\/\/leapro.com\/other-solutions\/#primaryimage"},"image":{"@id":"https:\/\/leapro.com\/other-solutions\/#primaryimage"},"thumbnailUrl":"https:\/\/leapro.com\/wp-content\/uploads\/2025\/04\/Screenshot_2025_04_28-12.png","datePublished":"2025-01-06T03:49:47+00:00","dateModified":"2025-08-14T07:07:17+00:00","breadcrumb":{"@id":"https:\/\/leapro.com\/other-solutions\/#breadcrumb"},"inLanguage":"de","potentialAction":[{"@type":"ReadAction","target":["https:\/\/leapro.com\/other-solutions\/"]}]},{"@type":"ImageObject","inLanguage":"de","@id":"https:\/\/leapro.com\/other-solutions\/#primaryimage","url":"https:\/\/leapro.com\/wp-content\/uploads\/2025\/04\/Screenshot_2025_04_28-12.png","contentUrl":"https:\/\/leapro.com\/wp-content\/uploads\/2025\/04\/Screenshot_2025_04_28-12.png"},{"@type":"BreadcrumbList","@id":"https:\/\/leapro.com\/other-solutions\/#breadcrumb","itemListElement":[{"@type":"ListItem","position":1,"name":"Home","item":"https:\/\/leapro.com\/"},{"@type":"ListItem","position":2,"name":"Other Solutions"}]},{"@type":"WebSite","@id":"https:\/\/leapro.com\/#website","url":"https:\/\/leapro.com\/","name":"Leapro","description":"Smarter deliveries \ud83d\udce6: Last mile efficient solutions.","potentialAction":[{"@type":"SearchAction","target":{"@type":"EntryPoint","urlTemplate":"https:\/\/leapro.com\/?s={search_term_string}"},"query-input":{"@type":"PropertyValueSpecification","valueRequired":true,"valueName":"search_term_string"}}],"inLanguage":"de"}]}},"_links":{"self":[{"href":"https:\/\/leapro.com\/de\/wp-json\/wp\/v2\/pages\/40","targetHints":{"allow":["GET"]}}],"collection":[{"href":"https:\/\/leapro.com\/de\/wp-json\/wp\/v2\/pages"}],"about":[{"href":"https:\/\/leapro.com\/de\/wp-json\/wp\/v2\/types\/page"}],"author":[{"embeddable":true,"href":"https:\/\/leapro.com\/de\/wp-json\/wp\/v2\/users\/1"}],"replies":[{"embeddable":true,"href":"https:\/\/leapro.com\/de\/wp-json\/wp\/v2\/comments?post=40"}],"version-history":[{"count":5,"href":"https:\/\/leapro.com\/de\/wp-json\/wp\/v2\/pages\/40\/revisions"}],"predecessor-version":[{"id":2873,"href":"https:\/\/leapro.com\/de\/wp-json\/wp\/v2\/pages\/40\/revisions\/2873"}],"wp:attachment":[{"href":"https:\/\/leapro.com\/de\/wp-json\/wp\/v2\/media?parent=40"}],"curies":[{"name":"wp","href":"https:\/\/api.w.org\/{rel}","templated":true}]}}